{"id":1679,"date":"2022-10-06T17:57:10","date_gmt":"2022-10-06T17:57:10","guid":{"rendered":"https:\/\/www.hotelruralohana.es\/emplacement\/"},"modified":"2023-03-27T14:22:41","modified_gmt":"2023-03-27T14:22:41","slug":"emplacement","status":"publish","type":"page","link":"https:\/\/www.hotelruralohana.es\/fr\/emplacement\/","title":{"rendered":"Emplacement"},"content":{"rendered":"\t\t<div data-elementor-type=\"wp-page\" data-elementor-id=\"1679\" class=\"elementor elementor-1679 elementor-26\">\n\t\t\t\t\t\t\t\t\t<section class=\"elementor-section elementor-top-section elementor-element elementor-element-04ea11b elementor-section-height-min-height elementor-section-content-middle elementor-section-stretched elementor-section-boxed elementor-section-height-default elementor-section-items-middle\" data-id=\"04ea11b\" data-element_type=\"section\" data-settings=\"{&quot;stretch_section&quot;:&quot;section-stretched&quot;,&quot;background_background&quot;:&quot;classic&quot;}\">\n\t\t\t\t\t\t<div class=\"elementor-container elementor-column-gap-default\">\n\t\t\t\t\t<div class=\"elementor-column elementor-col-100 elementor-top-column elementor-element elementor-element-f9f55f6\" data-id=\"f9f55f6\" data-element_type=\"column\">\n\t\t\t<div class=\"elementor-widget-wrap elementor-element-populated\">\n\t\t\t\t\t\t\t\t<div class=\"elementor-element elementor-element-a2f044b elementor-widget elementor-widget-heading\" data-id=\"a2f044b\" data-element_type=\"widget\" data-widget_type=\"heading.default\">\n\t\t\t\t<div class=\"elementor-widget-container\">\n\t\t\t<style>\/*! elementor - v3.15.0 - 20-08-2023 *\/\n.elementor-heading-title{padding:0;margin:0;line-height:1}.elementor-widget-heading .elementor-heading-title[class*=elementor-size-]>a{color:inherit;font-size:inherit;line-height:inherit}.elementor-widget-heading .elementor-heading-title.elementor-size-small{font-size:15px}.elementor-widget-heading .elementor-heading-title.elementor-size-medium{font-size:19px}.elementor-widget-heading .elementor-heading-title.elementor-size-large{font-size:29px}.elementor-widget-heading .elementor-heading-title.elementor-size-xl{font-size:39px}.elementor-widget-heading .elementor-heading-title.elementor-size-xxl{font-size:59px}<\/style><h1 class=\"elementor-heading-title elementor-size-default\">EMPLACEMENT<\/h1>\t\t<\/div>\n\t\t\t\t<\/div>\n\t\t\t\t\t<\/div>\n\t\t<\/div>\n\t\t\t\t\t\t\t<\/div>\n\t\t<\/section>\n\t\t\t\t<section class=\"elementor-section elementor-top-section elementor-element elementor-element-be917b8 elementor-section-boxed elementor-section-height-default elementor-section-height-default\" data-id=\"be917b8\" data-element_type=\"section\">\n\t\t\t\t\t\t<div class=\"elementor-container elementor-column-gap-default\">\n\t\t\t\t\t<div class=\"elementor-column elementor-col-100 elementor-top-column elementor-element elementor-element-6f67241\" data-id=\"6f67241\" data-element_type=\"column\">\n\t\t\t<div class=\"elementor-widget-wrap elementor-element-populated\">\n\t\t\t\t\t\t\t\t<div class=\"elementor-element elementor-element-2fc79a6 elementor-widget elementor-widget-google_maps\" data-id=\"2fc79a6\" data-element_type=\"widget\" data-widget_type=\"google_maps.default\">\n\t\t\t\t<div class=\"elementor-widget-container\">\n\t\t\t<style>\/*! elementor - v3.15.0 - 20-08-2023 *\/\n.elementor-widget-google_maps .elementor-widget-container{overflow:hidden}.elementor-widget-google_maps .elementor-custom-embed{line-height:0}.elementor-widget-google_maps iframe{height:300px}<\/style>\t\t<div class=\"elementor-custom-embed\">\n\t\t\t<iframe loading=\"lazy\"\n\t\t\t\t\tsrc=\"https:\/\/maps.google.com\/maps?q=Hotel%20rural%20Ohana%20Carretera%2C%20TF-274%2C%2017%2C%2038290%20La%20Esperanza%2C%20Santa%20Cruz%20de%20Tenerife&#038;t=m&#038;z=15&#038;output=embed&#038;iwloc=near\"\n\t\t\t\t\ttitle=\"Hotel rural Ohana Carretera, TF-274, 17, 38290 La Esperanza, Santa Cruz de Tenerife\"\n\t\t\t\t\taria-label=\"Hotel rural Ohana Carretera, TF-274, 17, 38290 La Esperanza, Santa Cruz de Tenerife\"\n\t\t\t><\/iframe>\n\t\t<\/div>\n\t\t\t\t<\/div>\n\t\t\t\t<\/div>\n\t\t\t\t\t<\/div>\n\t\t<\/div>\n\t\t\t\t\t\t\t<\/div>\n\t\t<\/section>\n\t\t\t\t<section class=\"elementor-section elementor-top-section elementor-element elementor-element-99b6c53 elementor-section-boxed elementor-section-height-default elementor-section-height-default\" data-id=\"99b6c53\" data-element_type=\"section\">\n\t\t\t\t\t\t<div class=\"elementor-container elementor-column-gap-default\">\n\t\t\t\t\t<div class=\"elementor-column elementor-col-100 elementor-top-column elementor-element elementor-element-d8dc4bb\" data-id=\"d8dc4bb\" data-element_type=\"column\">\n\t\t\t<div class=\"elementor-widget-wrap elementor-element-populated\">\n\t\t\t\t\t\t\t\t<section class=\"elementor-section elementor-inner-section elementor-element elementor-element-95a1cb7 elementor-section-boxed elementor-section-height-default elementor-section-height-default\" data-id=\"95a1cb7\" data-element_type=\"section\">\n\t\t\t\t\t\t<div class=\"elementor-container elementor-column-gap-default\">\n\t\t\t\t\t<div class=\"elementor-column elementor-col-50 elementor-inner-column elementor-element elementor-element-cb0e566\" data-id=\"cb0e566\" data-element_type=\"column\">\n\t\t\t<div class=\"elementor-widget-wrap elementor-element-populated\">\n\t\t\t\t\t\t\t\t<div class=\"elementor-element elementor-element-9eed166 elementor-widget elementor-widget-heading\" data-id=\"9eed166\" data-element_type=\"widget\" data-widget_type=\"heading.default\">\n\t\t\t\t<div class=\"elementor-widget-container\">\n\t\t\t<h2 class=\"elementor-heading-title elementor-size-default\">Au d\u00e9part de Santa Cruz de Tenerife<\/h2>\t\t<\/div>\n\t\t\t\t<\/div>\n\t\t\t\t<div class=\"elementor-element elementor-element-6244465 elementor-widget elementor-widget-text-editor\" data-id=\"6244465\" data-element_type=\"widget\" data-widget_type=\"text-editor.default\">\n\t\t\t\t<div class=\"elementor-widget-container\">\n\t\t\t<style>\/*! elementor - v3.15.0 - 20-08-2023 *\/\n.elementor-widget-text-editor.elementor-drop-cap-view-stacked .elementor-drop-cap{background-color:#69727d;color:#fff}.elementor-widget-text-editor.elementor-drop-cap-view-framed .elementor-drop-cap{color:#69727d;border:3px solid;background-color:transparent}.elementor-widget-text-editor:not(.elementor-drop-cap-view-default) .elementor-drop-cap{margin-top:8px}.elementor-widget-text-editor:not(.elementor-drop-cap-view-default) .elementor-drop-cap-letter{width:1em;height:1em}.elementor-widget-text-editor .elementor-drop-cap{float:left;text-align:center;line-height:1;font-size:50px}.elementor-widget-text-editor .elementor-drop-cap-letter{display:inline-block}<\/style>\t\t\t\t<p>La ville de Santa Cruz de Tenerife, capitale de l&rsquo;\u00eele de Tenerife et de l&rsquo;archipel des Canaries (avec Gran Canaria), est \u00e0 20 minutes en voiture.<\/p>\n<p>La vieille ville poss\u00e8de des b\u00e2timents bien pr\u00e9serv\u00e9s, comme l&rsquo;\u00e9glise coloniale de la Inmaculada Concepci\u00f3n. Le Palacio de Carta, qui date du XVIIIe si\u00e8cle, pr\u00e9sente des \u00e9l\u00e9ments baroques et n\u00e9oclassiques.  L&rsquo;ancien h\u00f4pital civil abrite le mus\u00e9e de la nature et de l&rsquo;homme, qui propose des expositions interactives sur les \u00eeles. Les places de la ville comprennent la Plaza de Espa\u00f1a.<\/p>\n\t\t\t\t\t\t<\/div>\n\t\t\t\t<\/div>\n\t\t\t\t\t<\/div>\n\t\t<\/div>\n\t\t\t\t<div class=\"elementor-column elementor-col-50 elementor-inner-column elementor-element elementor-element-fcb70d3\" data-id=\"fcb70d3\" data-element_type=\"column\">\n\t\t\t<div class=\"elementor-widget-wrap elementor-element-populated\">\n\t\t\t\t\t\t\t\t<div class=\"elementor-element elementor-element-a78467b elementor-widget elementor-widget-heading\" data-id=\"a78467b\" data-element_type=\"widget\" data-widget_type=\"heading.default\">\n\t\t\t\t<div class=\"elementor-widget-container\">\n\t\t\t<h2 class=\"elementor-heading-title elementor-size-default\">Au d\u00e9part de l\u00b4a\u00e9roport de Tenerife Norte<\/h2>\t\t<\/div>\n\t\t\t\t<\/div>\n\t\t\t\t<div class=\"elementor-element elementor-element-b7cee2b elementor-widget elementor-widget-text-editor\" data-id=\"b7cee2b\" data-element_type=\"widget\" data-widget_type=\"text-editor.default\">\n\t\t\t\t<div class=\"elementor-widget-container\">\n\t\t\t\t\t\t\t<p>L&rsquo;a\u00e9roport de Tenerife Norte, \u00e9galement connu sous le nom de Los Rodeos, se trouve \u00e0 13 minutes de l&rsquo;h\u00f4tel.<\/p>\n<p>En plus des vols nationaux et internationaux, des vols quotidiens relient cet a\u00e9roport \u00e0 l&rsquo;ensemble des \u00eeles Canaries, ce qui fait de cet a\u00e9roport un point de connexion important entre les \u00eeles.<\/p>\n\t\t\t\t\t\t<\/div>\n\t\t\t\t<\/div>\n\t\t\t\t\t<\/div>\n\t\t<\/div>\n\t\t\t\t\t\t\t<\/div>\n\t\t<\/section>\n\t\t\t\t\t<\/div>\n\t\t<\/div>\n\t\t\t\t\t\t\t<\/div>\n\t\t<\/section>\n\t\t\t\t\t\t\t<\/div>\n\t\t","protected":false},"excerpt":{"rendered":"<p>EMPLACEMENT Au d\u00e9part de Santa Cruz de Tenerife La ville de Santa Cruz de Tenerife, capitale de l&rsquo;\u00eele de Tenerife et de l&rsquo;archipel des Canaries (avec Gran Canaria), est \u00e0 20 minutes en voiture. La vieille ville poss\u00e8de des b\u00e2timents bien pr\u00e9serv\u00e9s, comme l&rsquo;\u00e9glise coloniale de la Inmaculada Concepci\u00f3n. Le Palacio de Carta, qui date [&hellip;]<\/p>\n","protected":false},"author":1,"featured_media":0,"parent":0,"menu_order":0,"comment_status":"closed","ping_status":"closed","template":"elementor_header_footer","meta":{"_monsterinsights_skip_tracking":false,"_monsterinsights_sitenote_active":false,"_monsterinsights_sitenote_note":"","_monsterinsights_sitenote_category":0,"_genesis_hide_title":false,"_genesis_hide_breadcrumbs":false,"_genesis_hide_singular_image":false,"_genesis_hide_footer_widgets":false,"_genesis_custom_body_class":"","_genesis_custom_post_class":"","_genesis_layout":"","footnotes":""},"class_list":{"0":"post-1679","1":"page","2":"type-page","3":"status-publish","5":"entry"},"yoast_head":"<!-- This site is optimized with the Yoast SEO plugin v19.7.2 - https:\/\/yoast.com\/wordpress\/plugins\/seo\/ -->\n<title>Localisation de l&#039;H\u00f4tel Rural Ohana au nord de Tenerife<\/title>\n<meta name=\"description\" content=\"D\u00e9couvrez comment vous rendre \u00e0 l&#039;H\u00f4tel Rural Ohana situ\u00e9 \u00e0 La Esperanza, au nord de Tenerife et passez quelques nuits dans cet h\u00f4tel de charme.\" \/>\n<meta name=\"robots\" content=\"index, follow, max-snippet:-1, max-image-preview:large, max-video-preview:-1\" \/>\n<link rel=\"canonical\" href=\"https:\/\/www.hotelruralohana.es\/fr\/emplacement\/\" \/>\n<meta property=\"og:locale\" content=\"fr_FR\" \/>\n<meta property=\"og:type\" content=\"article\" \/>\n<meta property=\"og:title\" content=\"Localisation de l&#039;H\u00f4tel Rural Ohana au nord de Tenerife\" \/>\n<meta property=\"og:description\" content=\"D\u00e9couvrez comment vous rendre \u00e0 l&#039;H\u00f4tel Rural Ohana situ\u00e9 \u00e0 La Esperanza, au nord de Tenerife et passez quelques nuits dans cet h\u00f4tel de charme.\" \/>\n<meta property=\"og:url\" content=\"https:\/\/www.hotelruralohana.es\/fr\/emplacement\/\" \/>\n<meta property=\"og:site_name\" content=\"Hotel Rural Ohana\" \/>\n<meta property=\"article:modified_time\" content=\"2023-03-27T14:22:41+00:00\" \/>\n<meta name=\"twitter:card\" content=\"summary_large_image\" \/>\n<meta name=\"twitter:label1\" content=\"Dur\u00e9e de lecture estim\u00e9e\" \/>\n\t<meta name=\"twitter:data1\" content=\"1 minute\" \/>\n<script type=\"application\/ld+json\" class=\"yoast-schema-graph\">{\"@context\":\"https:\/\/schema.org\",\"@graph\":[{\"@type\":\"WebPage\",\"@id\":\"https:\/\/www.hotelruralohana.es\/fr\/emplacement\/\",\"url\":\"https:\/\/www.hotelruralohana.es\/fr\/emplacement\/\",\"name\":\"Localisation de l'H\u00f4tel Rural Ohana au nord de Tenerife\",\"isPartOf\":{\"@id\":\"https:\/\/www.hotelruralohana.es\/fr\/#website\"},\"datePublished\":\"2022-10-06T17:57:10+00:00\",\"dateModified\":\"2023-03-27T14:22:41+00:00\",\"description\":\"D\u00e9couvrez comment vous rendre \u00e0 l'H\u00f4tel Rural Ohana situ\u00e9 \u00e0 La Esperanza, au nord de Tenerife et passez quelques nuits dans cet h\u00f4tel de charme.\",\"breadcrumb\":{\"@id\":\"https:\/\/www.hotelruralohana.es\/fr\/emplacement\/#breadcrumb\"},\"inLanguage\":\"fr-FR\",\"potentialAction\":[{\"@type\":\"ReadAction\",\"target\":[\"https:\/\/www.hotelruralohana.es\/fr\/emplacement\/\"]}]},{\"@type\":\"BreadcrumbList\",\"@id\":\"https:\/\/www.hotelruralohana.es\/fr\/emplacement\/#breadcrumb\",\"itemListElement\":[{\"@type\":\"ListItem\",\"position\":1,\"name\":\"Portada\",\"item\":\"https:\/\/www.hotelruralohana.es\/fr\/\"},{\"@type\":\"ListItem\",\"position\":2,\"name\":\"Emplacement\"}]},{\"@type\":\"WebSite\",\"@id\":\"https:\/\/www.hotelruralohana.es\/fr\/#website\",\"url\":\"https:\/\/www.hotelruralohana.es\/fr\/\",\"name\":\"Hotel Rural Ohana\",\"description\":\"Hotel Rural en La Esperanza, Tenerife\",\"publisher\":{\"@id\":\"https:\/\/www.hotelruralohana.es\/fr\/#organization\"},\"potentialAction\":[{\"@type\":\"SearchAction\",\"target\":{\"@type\":\"EntryPoint\",\"urlTemplate\":\"https:\/\/www.hotelruralohana.es\/fr\/?s={search_term_string}\"},\"query-input\":\"required name=search_term_string\"}],\"inLanguage\":\"fr-FR\"},{\"@type\":\"Organization\",\"@id\":\"https:\/\/www.hotelruralohana.es\/fr\/#organization\",\"name\":\"Hotel Rural Ohana\",\"url\":\"https:\/\/www.hotelruralohana.es\/fr\/\",\"sameAs\":[],\"logo\":{\"@type\":\"ImageObject\",\"inLanguage\":\"fr-FR\",\"@id\":\"https:\/\/www.hotelruralohana.es\/fr\/#\/schema\/logo\/image\/\",\"url\":\"https:\/\/www.hotelruralohana.es\/wp-content\/uploads\/2022\/10\/hotel-rural-ohana-logo.jpg\",\"contentUrl\":\"https:\/\/www.hotelruralohana.es\/wp-content\/uploads\/2022\/10\/hotel-rural-ohana-logo.jpg\",\"width\":394,\"height\":148,\"caption\":\"Hotel Rural Ohana\"},\"image\":{\"@id\":\"https:\/\/www.hotelruralohana.es\/fr\/#\/schema\/logo\/image\/\"}}]}<\/script>\n<!-- \/ Yoast SEO plugin. -->","yoast_head_json":{"title":"Localisation de l'H\u00f4tel Rural Ohana au nord de Tenerife","description":"D\u00e9couvrez comment vous rendre \u00e0 l'H\u00f4tel Rural Ohana situ\u00e9 \u00e0 La Esperanza, au nord de Tenerife et passez quelques nuits dans cet h\u00f4tel de charme.","robots":{"index":"index","follow":"follow","max-snippet":"max-snippet:-1","max-image-preview":"max-image-preview:large","max-video-preview":"max-video-preview:-1"},"canonical":"https:\/\/www.hotelruralohana.es\/fr\/emplacement\/","og_locale":"fr_FR","og_type":"article","og_title":"Localisation de l'H\u00f4tel Rural Ohana au nord de Tenerife","og_description":"D\u00e9couvrez comment vous rendre \u00e0 l'H\u00f4tel Rural Ohana situ\u00e9 \u00e0 La Esperanza, au nord de Tenerife et passez quelques nuits dans cet h\u00f4tel de charme.","og_url":"https:\/\/www.hotelruralohana.es\/fr\/emplacement\/","og_site_name":"Hotel Rural Ohana","article_modified_time":"2023-03-27T14:22:41+00:00","twitter_card":"summary_large_image","twitter_misc":{"Dur\u00e9e de lecture estim\u00e9e":"1 minute"},"schema":{"@context":"https:\/\/schema.org","@graph":[{"@type":"WebPage","@id":"https:\/\/www.hotelruralohana.es\/fr\/emplacement\/","url":"https:\/\/www.hotelruralohana.es\/fr\/emplacement\/","name":"Localisation de l'H\u00f4tel Rural Ohana au nord de Tenerife","isPartOf":{"@id":"https:\/\/www.hotelruralohana.es\/fr\/#website"},"datePublished":"2022-10-06T17:57:10+00:00","dateModified":"2023-03-27T14:22:41+00:00","description":"D\u00e9couvrez comment vous rendre \u00e0 l'H\u00f4tel Rural Ohana situ\u00e9 \u00e0 La Esperanza, au nord de Tenerife et passez quelques nuits dans cet h\u00f4tel de charme.","breadcrumb":{"@id":"https:\/\/www.hotelruralohana.es\/fr\/emplacement\/#breadcrumb"},"inLanguage":"fr-FR","potentialAction":[{"@type":"ReadAction","target":["https:\/\/www.hotelruralohana.es\/fr\/emplacement\/"]}]},{"@type":"BreadcrumbList","@id":"https:\/\/www.hotelruralohana.es\/fr\/emplacement\/#breadcrumb","itemListElement":[{"@type":"ListItem","position":1,"name":"Portada","item":"https:\/\/www.hotelruralohana.es\/fr\/"},{"@type":"ListItem","position":2,"name":"Emplacement"}]},{"@type":"WebSite","@id":"https:\/\/www.hotelruralohana.es\/fr\/#website","url":"https:\/\/www.hotelruralohana.es\/fr\/","name":"Hotel Rural Ohana","description":"Hotel Rural en La Esperanza, Tenerife","publisher":{"@id":"https:\/\/www.hotelruralohana.es\/fr\/#organization"},"potentialAction":[{"@type":"SearchAction","target":{"@type":"EntryPoint","urlTemplate":"https:\/\/www.hotelruralohana.es\/fr\/?s={search_term_string}"},"query-input":"required name=search_term_string"}],"inLanguage":"fr-FR"},{"@type":"Organization","@id":"https:\/\/www.hotelruralohana.es\/fr\/#organization","name":"Hotel Rural Ohana","url":"https:\/\/www.hotelruralohana.es\/fr\/","sameAs":[],"logo":{"@type":"ImageObject","inLanguage":"fr-FR","@id":"https:\/\/www.hotelruralohana.es\/fr\/#\/schema\/logo\/image\/","url":"https:\/\/www.hotelruralohana.es\/wp-content\/uploads\/2022\/10\/hotel-rural-ohana-logo.jpg","contentUrl":"https:\/\/www.hotelruralohana.es\/wp-content\/uploads\/2022\/10\/hotel-rural-ohana-logo.jpg","width":394,"height":148,"caption":"Hotel Rural Ohana"},"image":{"@id":"https:\/\/www.hotelruralohana.es\/fr\/#\/schema\/logo\/image\/"}}]}},"_links":{"self":[{"href":"https:\/\/www.hotelruralohana.es\/fr\/wp-json\/wp\/v2\/pages\/1679","targetHints":{"allow":["GET"]}}],"collection":[{"href":"https:\/\/www.hotelruralohana.es\/fr\/wp-json\/wp\/v2\/pages"}],"about":[{"href":"https:\/\/www.hotelruralohana.es\/fr\/wp-json\/wp\/v2\/types\/page"}],"author":[{"embeddable":true,"href":"https:\/\/www.hotelruralohana.es\/fr\/wp-json\/wp\/v2\/users\/1"}],"replies":[{"embeddable":true,"href":"https:\/\/www.hotelruralohana.es\/fr\/wp-json\/wp\/v2\/comments?post=1679"}],"version-history":[{"count":1,"href":"https:\/\/www.hotelruralohana.es\/fr\/wp-json\/wp\/v2\/pages\/1679\/revisions"}],"predecessor-version":[{"id":1680,"href":"https:\/\/www.hotelruralohana.es\/fr\/wp-json\/wp\/v2\/pages\/1679\/revisions\/1680"}],"wp:attachment":[{"href":"https:\/\/www.hotelruralohana.es\/fr\/wp-json\/wp\/v2\/media?parent=1679"}],"curies":[{"name":"wp","href":"https:\/\/api.w.org\/{rel}","templated":true}]}}