{"id":1677,"date":"2022-10-06T17:56:55","date_gmt":"2022-10-06T17:56:55","guid":{"rendered":"https:\/\/www.hotelruralohana.es\/activites\/"},"modified":"2023-03-27T14:20:10","modified_gmt":"2023-03-27T14:20:10","slug":"activites","status":"publish","type":"page","link":"https:\/\/www.hotelruralohana.es\/fr\/activites\/","title":{"rendered":"Activit\u00e9s"},"content":{"rendered":"\t\t<div data-elementor-type=\"wp-page\" data-elementor-id=\"1677\" class=\"elementor elementor-1677 elementor-24\">\n\t\t\t\t\t\t\t\t\t<section class=\"elementor-section elementor-top-section elementor-element elementor-element-5b536c5 elementor-section-height-min-height elementor-section-content-middle elementor-section-stretched elementor-section-boxed elementor-section-height-default elementor-section-items-middle\" data-id=\"5b536c5\" data-element_type=\"section\" data-settings=\"{&quot;stretch_section&quot;:&quot;section-stretched&quot;,&quot;background_background&quot;:&quot;classic&quot;}\">\n\t\t\t\t\t\t<div class=\"elementor-container elementor-column-gap-default\">\n\t\t\t\t\t<div class=\"elementor-column elementor-col-100 elementor-top-column elementor-element elementor-element-98ec687\" data-id=\"98ec687\" data-element_type=\"column\">\n\t\t\t<div class=\"elementor-widget-wrap elementor-element-populated\">\n\t\t\t\t\t\t\t\t<div class=\"elementor-element elementor-element-db50803 elementor-widget elementor-widget-heading\" data-id=\"db50803\" data-element_type=\"widget\" data-widget_type=\"heading.default\">\n\t\t\t\t<div class=\"elementor-widget-container\">\n\t\t\t<style>\/*! elementor - v3.15.0 - 20-08-2023 *\/\n.elementor-heading-title{padding:0;margin:0;line-height:1}.elementor-widget-heading .elementor-heading-title[class*=elementor-size-]>a{color:inherit;font-size:inherit;line-height:inherit}.elementor-widget-heading .elementor-heading-title.elementor-size-small{font-size:15px}.elementor-widget-heading .elementor-heading-title.elementor-size-medium{font-size:19px}.elementor-widget-heading .elementor-heading-title.elementor-size-large{font-size:29px}.elementor-widget-heading .elementor-heading-title.elementor-size-xl{font-size:39px}.elementor-widget-heading .elementor-heading-title.elementor-size-xxl{font-size:59px}<\/style><h1 class=\"elementor-heading-title elementor-size-default\">ACTIVIT\u00c9S<\/h1>\t\t<\/div>\n\t\t\t\t<\/div>\n\t\t\t\t\t<\/div>\n\t\t<\/div>\n\t\t\t\t\t\t\t<\/div>\n\t\t<\/section>\n\t\t\t\t<section class=\"elementor-section elementor-top-section elementor-element elementor-element-6699a9c elementor-section-boxed elementor-section-height-default elementor-section-height-default\" data-id=\"6699a9c\" data-element_type=\"section\">\n\t\t\t\t\t\t<div class=\"elementor-container elementor-column-gap-wider\">\n\t\t\t\t\t<div class=\"elementor-column elementor-col-50 elementor-top-column elementor-element elementor-element-f7dab59\" data-id=\"f7dab59\" data-element_type=\"column\">\n\t\t\t<div class=\"elementor-widget-wrap elementor-element-populated\">\n\t\t\t\t\t\t\t\t<div class=\"elementor-element elementor-element-c1e0f85 elementor-widget elementor-widget-heading\" data-id=\"c1e0f85\" data-element_type=\"widget\" data-widget_type=\"heading.default\">\n\t\t\t\t<div class=\"elementor-widget-container\">\n\t\t\t<h2 class=\"elementor-heading-title elementor-size-default\">Le Teide<\/h2>\t\t<\/div>\n\t\t\t\t<\/div>\n\t\t\t\t<div class=\"elementor-element elementor-element-a9bb213 elementor-widget elementor-widget-text-editor\" data-id=\"a9bb213\" data-element_type=\"widget\" data-widget_type=\"text-editor.default\">\n\t\t\t\t<div class=\"elementor-widget-container\">\n\t\t\t<style>\/*! elementor - v3.15.0 - 20-08-2023 *\/\n.elementor-widget-text-editor.elementor-drop-cap-view-stacked .elementor-drop-cap{background-color:#69727d;color:#fff}.elementor-widget-text-editor.elementor-drop-cap-view-framed .elementor-drop-cap{color:#69727d;border:3px solid;background-color:transparent}.elementor-widget-text-editor:not(.elementor-drop-cap-view-default) .elementor-drop-cap{margin-top:8px}.elementor-widget-text-editor:not(.elementor-drop-cap-view-default) .elementor-drop-cap-letter{width:1em;height:1em}.elementor-widget-text-editor .elementor-drop-cap{float:left;text-align:center;line-height:1;font-size:50px}.elementor-widget-text-editor .elementor-drop-cap-letter{display:inline-block}<\/style>\t\t\t\t<p>La route de La Esperanza est directement reli\u00e9e \u00e0 l&#8217;embl\u00e8me de notre \u00eele : El Teide.<\/p>\n<p>Le Teide est consid\u00e9r\u00e9 comme le monument naturel le plus embl\u00e9matique des \u00eeles Canaries. C&rsquo;est \u00e9galement une attraction touristique majeure qui attire des millions de personnes chaque ann\u00e9e. En fait, le parc national du Teide, est le parc national le plus visit\u00e9 d&rsquo;Espagne. <\/p>\n<p>Il a une altitude de 3 7182 m\u00e8tres au-dessus du niveau de la mer et 7 500 m\u00e8tres au-dessus du fond de l&rsquo;oc\u00e9an. C&rsquo;est le plus haut sommet du pays, le plus haut de toutes les masses continentales de l&rsquo;oc\u00e9an Atlantique et le troisi\u00e8me volcan le plus haut de la Terre depuis sa base au fond de l&rsquo;oc\u00e9an.<\/p>\n\t\t\t\t\t\t<\/div>\n\t\t\t\t<\/div>\n\t\t\t\t<div class=\"elementor-element elementor-element-b53d98c elementor-widget-divider--view-line elementor-widget elementor-widget-divider\" data-id=\"b53d98c\" data-element_type=\"widget\" data-widget_type=\"divider.default\">\n\t\t\t\t<div class=\"elementor-widget-container\">\n\t\t\t<style>\/*! elementor - v3.15.0 - 20-08-2023 *\/\n.elementor-widget-divider{--divider-border-style:none;--divider-border-width:1px;--divider-color:#0c0d0e;--divider-icon-size:20px;--divider-element-spacing:10px;--divider-pattern-height:24px;--divider-pattern-size:20px;--divider-pattern-url:none;--divider-pattern-repeat:repeat-x}.elementor-widget-divider .elementor-divider{display:flex}.elementor-widget-divider .elementor-divider__text{font-size:15px;line-height:1;max-width:95%}.elementor-widget-divider .elementor-divider__element{margin:0 var(--divider-element-spacing);flex-shrink:0}.elementor-widget-divider .elementor-icon{font-size:var(--divider-icon-size)}.elementor-widget-divider .elementor-divider-separator{display:flex;margin:0;direction:ltr}.elementor-widget-divider--view-line_icon .elementor-divider-separator,.elementor-widget-divider--view-line_text .elementor-divider-separator{align-items:center}.elementor-widget-divider--view-line_icon .elementor-divider-separator:after,.elementor-widget-divider--view-line_icon .elementor-divider-separator:before,.elementor-widget-divider--view-line_text .elementor-divider-separator:after,.elementor-widget-divider--view-line_text .elementor-divider-separator:before{display:block;content:\"\";border-bottom:0;flex-grow:1;border-top:var(--divider-border-width) var(--divider-border-style) var(--divider-color)}.elementor-widget-divider--element-align-left .elementor-divider .elementor-divider-separator>.elementor-divider__svg:first-of-type{flex-grow:0;flex-shrink:100}.elementor-widget-divider--element-align-left .elementor-divider-separator:before{content:none}.elementor-widget-divider--element-align-left .elementor-divider__element{margin-left:0}.elementor-widget-divider--element-align-right .elementor-divider .elementor-divider-separator>.elementor-divider__svg:last-of-type{flex-grow:0;flex-shrink:100}.elementor-widget-divider--element-align-right .elementor-divider-separator:after{content:none}.elementor-widget-divider--element-align-right .elementor-divider__element{margin-right:0}.elementor-widget-divider:not(.elementor-widget-divider--view-line_text):not(.elementor-widget-divider--view-line_icon) .elementor-divider-separator{border-top:var(--divider-border-width) var(--divider-border-style) var(--divider-color)}.elementor-widget-divider--separator-type-pattern{--divider-border-style:none}.elementor-widget-divider--separator-type-pattern.elementor-widget-divider--view-line .elementor-divider-separator,.elementor-widget-divider--separator-type-pattern:not(.elementor-widget-divider--view-line) .elementor-divider-separator:after,.elementor-widget-divider--separator-type-pattern:not(.elementor-widget-divider--view-line) .elementor-divider-separator:before,.elementor-widget-divider--separator-type-pattern:not([class*=elementor-widget-divider--view]) .elementor-divider-separator{width:100%;min-height:var(--divider-pattern-height);-webkit-mask-size:var(--divider-pattern-size) 100%;mask-size:var(--divider-pattern-size) 100%;-webkit-mask-repeat:var(--divider-pattern-repeat);mask-repeat:var(--divider-pattern-repeat);background-color:var(--divider-color);-webkit-mask-image:var(--divider-pattern-url);mask-image:var(--divider-pattern-url)}.elementor-widget-divider--no-spacing{--divider-pattern-size:auto}.elementor-widget-divider--bg-round{--divider-pattern-repeat:round}.rtl .elementor-widget-divider .elementor-divider__text{direction:rtl}.e-con-inner>.elementor-widget-divider,.e-con>.elementor-widget-divider{width:var(--container-widget-width,100%);--flex-grow:var(--container-widget-flex-grow)}<\/style>\t\t<div class=\"elementor-divider\">\n\t\t\t<span class=\"elementor-divider-separator\">\n\t\t\t\t\t\t<\/span>\n\t\t<\/div>\n\t\t\t\t<\/div>\n\t\t\t\t<\/div>\n\t\t\t\t<div class=\"elementor-element elementor-element-72b6193 elementor-widget elementor-widget-heading\" data-id=\"72b6193\" data-element_type=\"widget\" data-widget_type=\"heading.default\">\n\t\t\t\t<div class=\"elementor-widget-container\">\n\t\t\t<h2 class=\"elementor-heading-title elementor-size-default\">Zone de loisirs de Las Ra\u00edces\n<\/h2>\t\t<\/div>\n\t\t\t\t<\/div>\n\t\t\t\t<div class=\"elementor-element elementor-element-633ec1b elementor-widget elementor-widget-text-editor\" data-id=\"633ec1b\" data-element_type=\"widget\" data-widget_type=\"text-editor.default\">\n\t\t\t\t<div class=\"elementor-widget-container\">\n\t\t\t\t\t\t\t<p>Un excellent endroit \u00e0 seulement 2 minutes de marche de l&rsquo;h\u00f4tel. Il dispose de foyers pour une journ\u00e9e de barbecue en famille ou entre amis. Depuis l&rsquo;entr\u00e9e, il y a plusieurs sentiers circulaires pour toute la famille.  <\/p>\n\t\t\t\t\t\t<\/div>\n\t\t\t\t<\/div>\n\t\t\t\t<div class=\"elementor-element elementor-element-2ed7279 elementor-widget-divider--view-line elementor-widget elementor-widget-divider\" data-id=\"2ed7279\" data-element_type=\"widget\" data-widget_type=\"divider.default\">\n\t\t\t\t<div class=\"elementor-widget-container\">\n\t\t\t\t\t<div class=\"elementor-divider\">\n\t\t\t<span class=\"elementor-divider-separator\">\n\t\t\t\t\t\t<\/span>\n\t\t<\/div>\n\t\t\t\t<\/div>\n\t\t\t\t<\/div>\n\t\t\t\t<div class=\"elementor-element elementor-element-833c224 elementor-widget elementor-widget-heading\" data-id=\"833c224\" data-element_type=\"widget\" data-widget_type=\"heading.default\">\n\t\t\t\t<div class=\"elementor-widget-container\">\n\t\t\t<h2 class=\"elementor-heading-title elementor-size-default\">Camp Quimpi<\/h2>\t\t<\/div>\n\t\t\t\t<\/div>\n\t\t\t\t<div class=\"elementor-element elementor-element-c254850 elementor-widget elementor-widget-text-editor\" data-id=\"c254850\" data-element_type=\"widget\" data-widget_type=\"text-editor.default\">\n\t\t\t\t<div class=\"elementor-widget-container\">\n\t\t\t\t\t\t\t<p>O\u00f9 les petits peuvent profiter d&rsquo;activit\u00e9s ludiques entour\u00e9s d&rsquo;animaux et de nature.<\/p>\n\t\t\t\t\t\t<\/div>\n\t\t\t\t<\/div>\n\t\t\t\t<div class=\"elementor-element elementor-element-6e1ee42 elementor-widget-divider--view-line elementor-widget elementor-widget-divider\" data-id=\"6e1ee42\" data-element_type=\"widget\" data-widget_type=\"divider.default\">\n\t\t\t\t<div class=\"elementor-widget-container\">\n\t\t\t\t\t<div class=\"elementor-divider\">\n\t\t\t<span class=\"elementor-divider-separator\">\n\t\t\t\t\t\t<\/span>\n\t\t<\/div>\n\t\t\t\t<\/div>\n\t\t\t\t<\/div>\n\t\t\t\t<div class=\"elementor-element elementor-element-709ea21 elementor-widget elementor-widget-heading\" data-id=\"709ea21\" data-element_type=\"widget\" data-widget_type=\"heading.default\">\n\t\t\t\t<div class=\"elementor-widget-container\">\n\t\t\t<h2 class=\"elementor-heading-title elementor-size-default\">Sports d\u00b4eau<\/h2>\t\t<\/div>\n\t\t\t\t<\/div>\n\t\t\t\t<div class=\"elementor-element elementor-element-651f841 elementor-widget elementor-widget-text-editor\" data-id=\"651f841\" data-element_type=\"widget\" data-widget_type=\"text-editor.default\">\n\t\t\t\t<div class=\"elementor-widget-container\">\n\t\t\t\t\t\t\t<p>Les sports nautiques tels que le paddle surfing, le kayak, la plong\u00e9e sous-marine, le jet ski, etc. sont \u00e0 15 minutes de route du port de Radazul.<\/p>\n\t\t\t\t\t\t<\/div>\n\t\t\t\t<\/div>\n\t\t\t\t\t<\/div>\n\t\t<\/div>\n\t\t\t\t<div class=\"elementor-column elementor-col-50 elementor-top-column elementor-element elementor-element-71bf22b\" data-id=\"71bf22b\" data-element_type=\"column\">\n\t\t\t<div class=\"elementor-widget-wrap elementor-element-populated\">\n\t\t\t\t\t\t\t\t<div class=\"elementor-element elementor-element-9be8b7c elementor-widget elementor-widget-heading\" data-id=\"9be8b7c\" data-element_type=\"widget\" data-widget_type=\"heading.default\">\n\t\t\t\t<div class=\"elementor-widget-container\">\n\t\t\t<h2 class=\"elementor-heading-title elementor-size-default\">Forestal park<\/h2>\t\t<\/div>\n\t\t\t\t<\/div>\n\t\t\t\t<div class=\"elementor-element elementor-element-f2d53d1 elementor-widget elementor-widget-text-editor\" data-id=\"f2d53d1\" data-element_type=\"widget\" data-widget_type=\"text-editor.default\">\n\t\t\t\t<div class=\"elementor-widget-container\">\n\t\t\t\t\t\t\t<p>Un parc d&rsquo;aventure adapt\u00e9 aux adultes et aux enfants \u00e0 partir de 5 ans, o\u00f9 vous pouvez pratiquer la tyrolienne, grimper aux arbres et profiter de la nature d&rsquo;une mani\u00e8re diff\u00e9rente et respectueuse de l&rsquo;environnement.<\/p>\n\t\t\t\t\t\t<\/div>\n\t\t\t\t<\/div>\n\t\t\t\t<div class=\"elementor-element elementor-element-d4f7aa1 elementor-widget-divider--view-line elementor-widget elementor-widget-divider\" data-id=\"d4f7aa1\" data-element_type=\"widget\" data-widget_type=\"divider.default\">\n\t\t\t\t<div class=\"elementor-widget-container\">\n\t\t\t\t\t<div class=\"elementor-divider\">\n\t\t\t<span class=\"elementor-divider-separator\">\n\t\t\t\t\t\t<\/span>\n\t\t<\/div>\n\t\t\t\t<\/div>\n\t\t\t\t<\/div>\n\t\t\t\t<div class=\"elementor-element elementor-element-700b3da elementor-widget elementor-widget-heading\" data-id=\"700b3da\" data-element_type=\"widget\" data-widget_type=\"heading.default\">\n\t\t\t\t<div class=\"elementor-widget-container\">\n\t\t\t<h2 class=\"elementor-heading-title elementor-size-default\">Centre \u00e9questre La Esperanza<\/h2>\t\t<\/div>\n\t\t\t\t<\/div>\n\t\t\t\t<div class=\"elementor-element elementor-element-174845d elementor-widget elementor-widget-text-editor\" data-id=\"174845d\" data-element_type=\"widget\" data-widget_type=\"text-editor.default\">\n\t\t\t\t<div class=\"elementor-widget-container\">\n\t\t\t\t\t\t\t<p>Vous pouvez prendre des le\u00e7ons d&rsquo;\u00e9quitation, faire des randonn\u00e9es \u00e0 cheval pour tous les niveaux et explorer les sentiers uniques de notre \u00eele.<\/p>\n\t\t\t\t\t\t<\/div>\n\t\t\t\t<\/div>\n\t\t\t\t<div class=\"elementor-element elementor-element-c5dc7b0 elementor-widget-divider--view-line elementor-widget elementor-widget-divider\" data-id=\"c5dc7b0\" data-element_type=\"widget\" data-widget_type=\"divider.default\">\n\t\t\t\t<div class=\"elementor-widget-container\">\n\t\t\t\t\t<div class=\"elementor-divider\">\n\t\t\t<span class=\"elementor-divider-separator\">\n\t\t\t\t\t\t<\/span>\n\t\t<\/div>\n\t\t\t\t<\/div>\n\t\t\t\t<\/div>\n\t\t\t\t<div class=\"elementor-element elementor-element-ca10f20 elementor-widget elementor-widget-heading\" data-id=\"ca10f20\" data-element_type=\"widget\" data-widget_type=\"heading.default\">\n\t\t\t\t<div class=\"elementor-widget-container\">\n\t\t\t<h2 class=\"elementor-heading-title elementor-size-default\">Plage de La Nea<\/h2>\t\t<\/div>\n\t\t\t\t<\/div>\n\t\t\t\t<div class=\"elementor-element elementor-element-1742ccb elementor-widget elementor-widget-text-editor\" data-id=\"1742ccb\" data-element_type=\"widget\" data-widget_type=\"text-editor.default\">\n\t\t\t\t<div class=\"elementor-widget-container\">\n\t\t\t\t\t\t\t<p>La plage de La Nea, situ\u00e9e dans la zone de Radazul, dans la municipalit\u00e9 d&rsquo;El Rosario, est \u00e0 15 minutes en voiture. Il s&rsquo;agit d&rsquo;une plage de sable noir facile d&rsquo;acc\u00e8s. <\/p>\n<p>Le paysage agr\u00e9able de la plage, de la mer, de la v\u00e9g\u00e9tation environnante et de la montagne derri\u00e8re font de cet endroit un lieu agr\u00e9able pour se d\u00e9connecter de la vie quotidienne.<\/p>\n<p>Si vous partez avec des enfants, sachez que tout pr\u00e8s de la plage se trouve une aire de jeux o\u00f9 les enfants peuvent s&rsquo;amuser.<\/p>\n<p>La plage dispose de douches et d&rsquo;une promenade le long du rivage o\u00f9 vous pouvez vous promener tranquillement en \u00e9coutant la mer.<\/p>\n\t\t\t\t\t\t<\/div>\n\t\t\t\t<\/div>\n\t\t\t\t\t<\/div>\n\t\t<\/div>\n\t\t\t\t\t\t\t<\/div>\n\t\t<\/section>\n\t\t\t\t\t\t\t<\/div>\n\t\t","protected":false},"excerpt":{"rendered":"<p>ACTIVIT\u00c9S Le Teide La route de La Esperanza est directement reli\u00e9e \u00e0 l&#8217;embl\u00e8me de notre \u00eele : El Teide. Le Teide est consid\u00e9r\u00e9 comme le monument naturel le plus embl\u00e9matique des \u00eeles Canaries. C&rsquo;est \u00e9galement une attraction touristique majeure qui attire des millions de personnes chaque ann\u00e9e. En fait, le parc national du Teide, est [&hellip;]<\/p>\n","protected":false},"author":1,"featured_media":0,"parent":0,"menu_order":0,"comment_status":"closed","ping_status":"closed","template":"elementor_header_footer","meta":{"_monsterinsights_skip_tracking":false,"_monsterinsights_sitenote_active":false,"_monsterinsights_sitenote_note":"","_monsterinsights_sitenote_category":0,"_genesis_hide_title":false,"_genesis_hide_breadcrumbs":false,"_genesis_hide_singular_image":false,"_genesis_hide_footer_widgets":false,"_genesis_custom_body_class":"","_genesis_custom_post_class":"","_genesis_layout":"","footnotes":""},"class_list":{"0":"post-1677","1":"page","2":"type-page","3":"status-publish","5":"entry"},"yoast_head":"<!-- This site is optimized with the Yoast SEO plugin v19.7.2 - https:\/\/yoast.com\/wordpress\/plugins\/seo\/ -->\n<title>Activit\u00e9s que vous pouvez faire \u00e0 La Esperanza, Tenerife<\/title>\n<meta name=\"description\" content=\"D\u00e9couvrez les activit\u00e9s que vous pouvez faire \u00e0 La Esperanza, Tenerife, autour de l&#039;H\u00f4tel Rural Ohana.\" \/>\n<meta name=\"robots\" content=\"index, follow, max-snippet:-1, max-image-preview:large, max-video-preview:-1\" \/>\n<link rel=\"canonical\" href=\"https:\/\/www.hotelruralohana.es\/fr\/activites\/\" \/>\n<meta property=\"og:locale\" content=\"fr_FR\" \/>\n<meta property=\"og:type\" content=\"article\" \/>\n<meta property=\"og:title\" content=\"Activit\u00e9s que vous pouvez faire \u00e0 La Esperanza, Tenerife\" \/>\n<meta property=\"og:description\" content=\"D\u00e9couvrez les activit\u00e9s que vous pouvez faire \u00e0 La Esperanza, Tenerife, autour de l&#039;H\u00f4tel Rural Ohana.\" \/>\n<meta property=\"og:url\" content=\"https:\/\/www.hotelruralohana.es\/fr\/activites\/\" \/>\n<meta property=\"og:site_name\" content=\"Hotel Rural Ohana\" \/>\n<meta property=\"article:modified_time\" content=\"2023-03-27T14:20:10+00:00\" \/>\n<meta name=\"twitter:card\" content=\"summary_large_image\" \/>\n<meta name=\"twitter:label1\" content=\"Dur\u00e9e de lecture estim\u00e9e\" \/>\n\t<meta name=\"twitter:data1\" content=\"2 minutes\" \/>\n<script type=\"application\/ld+json\" class=\"yoast-schema-graph\">{\"@context\":\"https:\/\/schema.org\",\"@graph\":[{\"@type\":\"WebPage\",\"@id\":\"https:\/\/www.hotelruralohana.es\/fr\/activites\/\",\"url\":\"https:\/\/www.hotelruralohana.es\/fr\/activites\/\",\"name\":\"Activit\u00e9s que vous pouvez faire \u00e0 La Esperanza, Tenerife\",\"isPartOf\":{\"@id\":\"https:\/\/www.hotelruralohana.es\/fr\/#website\"},\"datePublished\":\"2022-10-06T17:56:55+00:00\",\"dateModified\":\"2023-03-27T14:20:10+00:00\",\"description\":\"D\u00e9couvrez les activit\u00e9s que vous pouvez faire \u00e0 La Esperanza, Tenerife, autour de l'H\u00f4tel Rural Ohana.\",\"breadcrumb\":{\"@id\":\"https:\/\/www.hotelruralohana.es\/fr\/activites\/#breadcrumb\"},\"inLanguage\":\"fr-FR\",\"potentialAction\":[{\"@type\":\"ReadAction\",\"target\":[\"https:\/\/www.hotelruralohana.es\/fr\/activites\/\"]}]},{\"@type\":\"BreadcrumbList\",\"@id\":\"https:\/\/www.hotelruralohana.es\/fr\/activites\/#breadcrumb\",\"itemListElement\":[{\"@type\":\"ListItem\",\"position\":1,\"name\":\"Portada\",\"item\":\"https:\/\/www.hotelruralohana.es\/fr\/\"},{\"@type\":\"ListItem\",\"position\":2,\"name\":\"Activit\u00e9s\"}]},{\"@type\":\"WebSite\",\"@id\":\"https:\/\/www.hotelruralohana.es\/fr\/#website\",\"url\":\"https:\/\/www.hotelruralohana.es\/fr\/\",\"name\":\"Hotel Rural Ohana\",\"description\":\"Hotel Rural en La Esperanza, Tenerife\",\"publisher\":{\"@id\":\"https:\/\/www.hotelruralohana.es\/fr\/#organization\"},\"potentialAction\":[{\"@type\":\"SearchAction\",\"target\":{\"@type\":\"EntryPoint\",\"urlTemplate\":\"https:\/\/www.hotelruralohana.es\/fr\/?s={search_term_string}\"},\"query-input\":\"required name=search_term_string\"}],\"inLanguage\":\"fr-FR\"},{\"@type\":\"Organization\",\"@id\":\"https:\/\/www.hotelruralohana.es\/fr\/#organization\",\"name\":\"Hotel Rural Ohana\",\"url\":\"https:\/\/www.hotelruralohana.es\/fr\/\",\"sameAs\":[],\"logo\":{\"@type\":\"ImageObject\",\"inLanguage\":\"fr-FR\",\"@id\":\"https:\/\/www.hotelruralohana.es\/fr\/#\/schema\/logo\/image\/\",\"url\":\"https:\/\/www.hotelruralohana.es\/wp-content\/uploads\/2022\/10\/hotel-rural-ohana-logo.jpg\",\"contentUrl\":\"https:\/\/www.hotelruralohana.es\/wp-content\/uploads\/2022\/10\/hotel-rural-ohana-logo.jpg\",\"width\":394,\"height\":148,\"caption\":\"Hotel Rural Ohana\"},\"image\":{\"@id\":\"https:\/\/www.hotelruralohana.es\/fr\/#\/schema\/logo\/image\/\"}}]}<\/script>\n<!-- \/ Yoast SEO plugin. -->","yoast_head_json":{"title":"Activit\u00e9s que vous pouvez faire \u00e0 La Esperanza, Tenerife","description":"D\u00e9couvrez les activit\u00e9s que vous pouvez faire \u00e0 La Esperanza, Tenerife, autour de l'H\u00f4tel Rural Ohana.","robots":{"index":"index","follow":"follow","max-snippet":"max-snippet:-1","max-image-preview":"max-image-preview:large","max-video-preview":"max-video-preview:-1"},"canonical":"https:\/\/www.hotelruralohana.es\/fr\/activites\/","og_locale":"fr_FR","og_type":"article","og_title":"Activit\u00e9s que vous pouvez faire \u00e0 La Esperanza, Tenerife","og_description":"D\u00e9couvrez les activit\u00e9s que vous pouvez faire \u00e0 La Esperanza, Tenerife, autour de l'H\u00f4tel Rural Ohana.","og_url":"https:\/\/www.hotelruralohana.es\/fr\/activites\/","og_site_name":"Hotel Rural Ohana","article_modified_time":"2023-03-27T14:20:10+00:00","twitter_card":"summary_large_image","twitter_misc":{"Dur\u00e9e de lecture estim\u00e9e":"2 minutes"},"schema":{"@context":"https:\/\/schema.org","@graph":[{"@type":"WebPage","@id":"https:\/\/www.hotelruralohana.es\/fr\/activites\/","url":"https:\/\/www.hotelruralohana.es\/fr\/activites\/","name":"Activit\u00e9s que vous pouvez faire \u00e0 La Esperanza, Tenerife","isPartOf":{"@id":"https:\/\/www.hotelruralohana.es\/fr\/#website"},"datePublished":"2022-10-06T17:56:55+00:00","dateModified":"2023-03-27T14:20:10+00:00","description":"D\u00e9couvrez les activit\u00e9s que vous pouvez faire \u00e0 La Esperanza, Tenerife, autour de l'H\u00f4tel Rural Ohana.","breadcrumb":{"@id":"https:\/\/www.hotelruralohana.es\/fr\/activites\/#breadcrumb"},"inLanguage":"fr-FR","potentialAction":[{"@type":"ReadAction","target":["https:\/\/www.hotelruralohana.es\/fr\/activites\/"]}]},{"@type":"BreadcrumbList","@id":"https:\/\/www.hotelruralohana.es\/fr\/activites\/#breadcrumb","itemListElement":[{"@type":"ListItem","position":1,"name":"Portada","item":"https:\/\/www.hotelruralohana.es\/fr\/"},{"@type":"ListItem","position":2,"name":"Activit\u00e9s"}]},{"@type":"WebSite","@id":"https:\/\/www.hotelruralohana.es\/fr\/#website","url":"https:\/\/www.hotelruralohana.es\/fr\/","name":"Hotel Rural Ohana","description":"Hotel Rural en La Esperanza, Tenerife","publisher":{"@id":"https:\/\/www.hotelruralohana.es\/fr\/#organization"},"potentialAction":[{"@type":"SearchAction","target":{"@type":"EntryPoint","urlTemplate":"https:\/\/www.hotelruralohana.es\/fr\/?s={search_term_string}"},"query-input":"required name=search_term_string"}],"inLanguage":"fr-FR"},{"@type":"Organization","@id":"https:\/\/www.hotelruralohana.es\/fr\/#organization","name":"Hotel Rural Ohana","url":"https:\/\/www.hotelruralohana.es\/fr\/","sameAs":[],"logo":{"@type":"ImageObject","inLanguage":"fr-FR","@id":"https:\/\/www.hotelruralohana.es\/fr\/#\/schema\/logo\/image\/","url":"https:\/\/www.hotelruralohana.es\/wp-content\/uploads\/2022\/10\/hotel-rural-ohana-logo.jpg","contentUrl":"https:\/\/www.hotelruralohana.es\/wp-content\/uploads\/2022\/10\/hotel-rural-ohana-logo.jpg","width":394,"height":148,"caption":"Hotel Rural Ohana"},"image":{"@id":"https:\/\/www.hotelruralohana.es\/fr\/#\/schema\/logo\/image\/"}}]}},"_links":{"self":[{"href":"https:\/\/www.hotelruralohana.es\/fr\/wp-json\/wp\/v2\/pages\/1677","targetHints":{"allow":["GET"]}}],"collection":[{"href":"https:\/\/www.hotelruralohana.es\/fr\/wp-json\/wp\/v2\/pages"}],"about":[{"href":"https:\/\/www.hotelruralohana.es\/fr\/wp-json\/wp\/v2\/types\/page"}],"author":[{"embeddable":true,"href":"https:\/\/www.hotelruralohana.es\/fr\/wp-json\/wp\/v2\/users\/1"}],"replies":[{"embeddable":true,"href":"https:\/\/www.hotelruralohana.es\/fr\/wp-json\/wp\/v2\/comments?post=1677"}],"version-history":[{"count":1,"href":"https:\/\/www.hotelruralohana.es\/fr\/wp-json\/wp\/v2\/pages\/1677\/revisions"}],"predecessor-version":[{"id":1678,"href":"https:\/\/www.hotelruralohana.es\/fr\/wp-json\/wp\/v2\/pages\/1677\/revisions\/1678"}],"wp:attachment":[{"href":"https:\/\/www.hotelruralohana.es\/fr\/wp-json\/wp\/v2\/media?parent=1677"}],"curies":[{"name":"wp","href":"https:\/\/api.w.org\/{rel}","templated":true}]}}