{"id":1420,"date":"2022-10-06T17:57:10","date_gmt":"2022-10-06T17:57:10","guid":{"rendered":"https:\/\/www.hotelruralohana.es\/lage\/"},"modified":"2023-02-09T12:32:30","modified_gmt":"2023-02-09T12:32:30","slug":"lage","status":"publish","type":"page","link":"https:\/\/www.hotelruralohana.es\/de\/lage\/","title":{"rendered":"Lage"},"content":{"rendered":"\t\t<div data-elementor-type=\"wp-page\" data-elementor-id=\"1420\" class=\"elementor elementor-1420 elementor-26\">\n\t\t\t\t\t\t\t\t\t<section class=\"elementor-section elementor-top-section elementor-element elementor-element-04ea11b elementor-section-height-min-height elementor-section-content-middle elementor-section-stretched elementor-section-boxed elementor-section-height-default elementor-section-items-middle\" data-id=\"04ea11b\" data-element_type=\"section\" data-settings=\"{&quot;stretch_section&quot;:&quot;section-stretched&quot;,&quot;background_background&quot;:&quot;classic&quot;}\">\n\t\t\t\t\t\t<div class=\"elementor-container elementor-column-gap-default\">\n\t\t\t\t\t<div class=\"elementor-column elementor-col-100 elementor-top-column elementor-element elementor-element-f9f55f6\" data-id=\"f9f55f6\" data-element_type=\"column\">\n\t\t\t<div class=\"elementor-widget-wrap elementor-element-populated\">\n\t\t\t\t\t\t\t\t<div class=\"elementor-element elementor-element-a2f044b elementor-widget elementor-widget-heading\" data-id=\"a2f044b\" data-element_type=\"widget\" data-widget_type=\"heading.default\">\n\t\t\t\t<div class=\"elementor-widget-container\">\n\t\t\t<style>\/*! elementor - v3.15.0 - 20-08-2023 *\/\n.elementor-heading-title{padding:0;margin:0;line-height:1}.elementor-widget-heading .elementor-heading-title[class*=elementor-size-]>a{color:inherit;font-size:inherit;line-height:inherit}.elementor-widget-heading .elementor-heading-title.elementor-size-small{font-size:15px}.elementor-widget-heading .elementor-heading-title.elementor-size-medium{font-size:19px}.elementor-widget-heading .elementor-heading-title.elementor-size-large{font-size:29px}.elementor-widget-heading .elementor-heading-title.elementor-size-xl{font-size:39px}.elementor-widget-heading .elementor-heading-title.elementor-size-xxl{font-size:59px}<\/style><h1 class=\"elementor-heading-title elementor-size-default\">LAGE<\/h1>\t\t<\/div>\n\t\t\t\t<\/div>\n\t\t\t\t\t<\/div>\n\t\t<\/div>\n\t\t\t\t\t\t\t<\/div>\n\t\t<\/section>\n\t\t\t\t<section class=\"elementor-section elementor-top-section elementor-element elementor-element-be917b8 elementor-section-boxed elementor-section-height-default elementor-section-height-default\" data-id=\"be917b8\" data-element_type=\"section\">\n\t\t\t\t\t\t<div class=\"elementor-container elementor-column-gap-default\">\n\t\t\t\t\t<div class=\"elementor-column elementor-col-100 elementor-top-column elementor-element elementor-element-6f67241\" data-id=\"6f67241\" data-element_type=\"column\">\n\t\t\t<div class=\"elementor-widget-wrap elementor-element-populated\">\n\t\t\t\t\t\t\t\t<div class=\"elementor-element elementor-element-2fc79a6 elementor-widget elementor-widget-google_maps\" data-id=\"2fc79a6\" data-element_type=\"widget\" data-widget_type=\"google_maps.default\">\n\t\t\t\t<div class=\"elementor-widget-container\">\n\t\t\t<style>\/*! elementor - v3.15.0 - 20-08-2023 *\/\n.elementor-widget-google_maps .elementor-widget-container{overflow:hidden}.elementor-widget-google_maps .elementor-custom-embed{line-height:0}.elementor-widget-google_maps iframe{height:300px}<\/style>\t\t<div class=\"elementor-custom-embed\">\n\t\t\t<iframe loading=\"lazy\"\n\t\t\t\t\tsrc=\"https:\/\/maps.google.com\/maps?q=Hotel%20rural%20Ohana%20Carretera%2C%20TF-274%2C%2017%2C%2038290%20La%20Esperanza%2C%20Santa%20Cruz%20de%20Tenerife&#038;t=m&#038;z=15&#038;output=embed&#038;iwloc=near\"\n\t\t\t\t\ttitle=\"Hotel rural Ohana Carretera, TF-274, 17, 38290 La Esperanza, Santa Cruz de Tenerife\"\n\t\t\t\t\taria-label=\"Hotel rural Ohana Carretera, TF-274, 17, 38290 La Esperanza, Santa Cruz de Tenerife\"\n\t\t\t><\/iframe>\n\t\t<\/div>\n\t\t\t\t<\/div>\n\t\t\t\t<\/div>\n\t\t\t\t\t<\/div>\n\t\t<\/div>\n\t\t\t\t\t\t\t<\/div>\n\t\t<\/section>\n\t\t\t\t<section class=\"elementor-section elementor-top-section elementor-element elementor-element-99b6c53 elementor-section-boxed elementor-section-height-default elementor-section-height-default\" data-id=\"99b6c53\" data-element_type=\"section\">\n\t\t\t\t\t\t<div class=\"elementor-container elementor-column-gap-default\">\n\t\t\t\t\t<div class=\"elementor-column elementor-col-100 elementor-top-column elementor-element elementor-element-d8dc4bb\" data-id=\"d8dc4bb\" data-element_type=\"column\">\n\t\t\t<div class=\"elementor-widget-wrap elementor-element-populated\">\n\t\t\t\t\t\t\t\t<section class=\"elementor-section elementor-inner-section elementor-element elementor-element-95a1cb7 elementor-section-boxed elementor-section-height-default elementor-section-height-default\" data-id=\"95a1cb7\" data-element_type=\"section\">\n\t\t\t\t\t\t<div class=\"elementor-container elementor-column-gap-default\">\n\t\t\t\t\t<div class=\"elementor-column elementor-col-50 elementor-inner-column elementor-element elementor-element-cb0e566\" data-id=\"cb0e566\" data-element_type=\"column\">\n\t\t\t<div class=\"elementor-widget-wrap elementor-element-populated\">\n\t\t\t\t\t\t\t\t<div class=\"elementor-element elementor-element-9eed166 elementor-widget elementor-widget-heading\" data-id=\"9eed166\" data-element_type=\"widget\" data-widget_type=\"heading.default\">\n\t\t\t\t<div class=\"elementor-widget-container\">\n\t\t\t<h2 class=\"elementor-heading-title elementor-size-default\">Von Santa Cruz de Tenerife<\/h2>\t\t<\/div>\n\t\t\t\t<\/div>\n\t\t\t\t<div class=\"elementor-element elementor-element-6244465 elementor-widget elementor-widget-text-editor\" data-id=\"6244465\" data-element_type=\"widget\" data-widget_type=\"text-editor.default\">\n\t\t\t\t<div class=\"elementor-widget-container\">\n\t\t\t<style>\/*! elementor - v3.15.0 - 20-08-2023 *\/\n.elementor-widget-text-editor.elementor-drop-cap-view-stacked .elementor-drop-cap{background-color:#69727d;color:#fff}.elementor-widget-text-editor.elementor-drop-cap-view-framed .elementor-drop-cap{color:#69727d;border:3px solid;background-color:transparent}.elementor-widget-text-editor:not(.elementor-drop-cap-view-default) .elementor-drop-cap{margin-top:8px}.elementor-widget-text-editor:not(.elementor-drop-cap-view-default) .elementor-drop-cap-letter{width:1em;height:1em}.elementor-widget-text-editor .elementor-drop-cap{float:left;text-align:center;line-height:1;font-size:50px}.elementor-widget-text-editor .elementor-drop-cap-letter{display:inline-block}<\/style>\t\t\t\t<p>Eine 20-min\u00fctige Autofahrt entfernt liegt die Stadt Santa Cruz de Tenerife, Hauptstadt der Insel Teneriffa und der Kanarischen Inseln (zusammen mit Gran Canaria).<\/p>\n<p>Die Altstadt hat gut erhaltene Geb\u00e4ude, wie die koloniale Kirche Inmaculada Concepci\u00f3n. Der Palacio de Carta aus dem 18. Jahrhundert weist Elemente des Barock und des Neoklassizismus auf. Im alten Zivilkrankenhaus befindet sich das Museum f\u00fcr Natur und Mensch, das interaktive Ausstellungen der Inseln bietet. Eines der Hauptpl\u00e4tze der Stadt ist der zentrale Plaza de Espa\u00f1a.<\/p>\n\t\t\t\t\t\t<\/div>\n\t\t\t\t<\/div>\n\t\t\t\t\t<\/div>\n\t\t<\/div>\n\t\t\t\t<div class=\"elementor-column elementor-col-50 elementor-inner-column elementor-element elementor-element-fcb70d3\" data-id=\"fcb70d3\" data-element_type=\"column\">\n\t\t\t<div class=\"elementor-widget-wrap elementor-element-populated\">\n\t\t\t\t\t\t\t\t<div class=\"elementor-element elementor-element-a78467b elementor-widget elementor-widget-heading\" data-id=\"a78467b\" data-element_type=\"widget\" data-widget_type=\"heading.default\">\n\t\t\t\t<div class=\"elementor-widget-container\">\n\t\t\t<h2 class=\"elementor-heading-title elementor-size-default\">Vom Flughafen Teneriffa Nord<\/h2>\t\t<\/div>\n\t\t\t\t<\/div>\n\t\t\t\t<div class=\"elementor-element elementor-element-b7cee2b elementor-widget elementor-widget-text-editor\" data-id=\"b7cee2b\" data-element_type=\"widget\" data-widget_type=\"text-editor.default\">\n\t\t\t\t<div class=\"elementor-widget-container\">\n\t\t\t\t\t\t\t<p>13 Minuten vom Hotel entfernt liegt der Flughafen Teneriffa Nord, auch bekannt als Flughafen Los Rodeos.<\/p>\n<p>Neben nationalen und internationalen Fl\u00fcgen, fliegen t\u00e4glich mehrere Maschinen die gesamten Kanarischen Inseln an, was den Flughafen zu einem wichtigen Verbindungspunkt zwischen den Inseln macht.<\/p>\n\t\t\t\t\t\t<\/div>\n\t\t\t\t<\/div>\n\t\t\t\t\t<\/div>\n\t\t<\/div>\n\t\t\t\t\t\t\t<\/div>\n\t\t<\/section>\n\t\t\t\t\t<\/div>\n\t\t<\/div>\n\t\t\t\t\t\t\t<\/div>\n\t\t<\/section>\n\t\t\t\t\t\t\t<\/div>\n\t\t","protected":false},"excerpt":{"rendered":"<p>LAGE Von Santa Cruz de Tenerife Eine 20-min\u00fctige Autofahrt entfernt liegt die Stadt Santa Cruz de Tenerife, Hauptstadt der Insel Teneriffa und der Kanarischen Inseln (zusammen mit Gran Canaria). Die Altstadt hat gut erhaltene Geb\u00e4ude, wie die koloniale Kirche Inmaculada Concepci\u00f3n. Der Palacio de Carta aus dem 18. Jahrhundert weist Elemente des Barock und des [&hellip;]<\/p>\n","protected":false},"author":1,"featured_media":0,"parent":0,"menu_order":0,"comment_status":"closed","ping_status":"closed","template":"elementor_header_footer","meta":{"_monsterinsights_skip_tracking":false,"_monsterinsights_sitenote_active":false,"_monsterinsights_sitenote_note":"","_monsterinsights_sitenote_category":0,"_genesis_hide_title":false,"_genesis_hide_breadcrumbs":false,"_genesis_hide_singular_image":false,"_genesis_hide_footer_widgets":false,"_genesis_custom_body_class":"","_genesis_custom_post_class":"","_genesis_layout":"","footnotes":""},"class_list":{"0":"post-1420","1":"page","2":"type-page","3":"status-publish","5":"entry"},"yoast_head":"<!-- This site is optimized with the Yoast SEO plugin v19.7.2 - https:\/\/yoast.com\/wordpress\/plugins\/seo\/ -->\n<title>Lage des Landhotels Ohana im Norden Teneriffas<\/title>\n<meta name=\"description\" content=\"Finden Sie heraus, wie Sie zum Landhotel Ohana in La Esperanza im Norden Teneriffas gelangen und \u00fcbernachten Sie in einem charmanten und einzigartigen Hotel.\" \/>\n<meta name=\"robots\" content=\"index, follow, max-snippet:-1, max-image-preview:large, max-video-preview:-1\" \/>\n<link rel=\"canonical\" href=\"https:\/\/www.hotelruralohana.es\/de\/lage\/\" \/>\n<meta property=\"og:locale\" content=\"de_DE\" \/>\n<meta property=\"og:type\" content=\"article\" \/>\n<meta property=\"og:title\" content=\"Lage des Landhotels Ohana im Norden Teneriffas\" \/>\n<meta property=\"og:description\" content=\"Finden Sie heraus, wie Sie zum Landhotel Ohana in La Esperanza im Norden Teneriffas gelangen und \u00fcbernachten Sie in einem charmanten und einzigartigen Hotel.\" \/>\n<meta property=\"og:url\" content=\"https:\/\/www.hotelruralohana.es\/de\/lage\/\" \/>\n<meta property=\"og:site_name\" content=\"Hotel Rural Ohana\" \/>\n<meta property=\"article:modified_time\" content=\"2023-02-09T12:32:30+00:00\" \/>\n<meta name=\"twitter:card\" content=\"summary_large_image\" \/>\n<meta name=\"twitter:label1\" content=\"Gesch\u00e4tzte Lesezeit\" \/>\n\t<meta name=\"twitter:data1\" content=\"1\u00a0Minute\" \/>\n<script type=\"application\/ld+json\" class=\"yoast-schema-graph\">{\"@context\":\"https:\/\/schema.org\",\"@graph\":[{\"@type\":\"WebPage\",\"@id\":\"https:\/\/www.hotelruralohana.es\/de\/lage\/\",\"url\":\"https:\/\/www.hotelruralohana.es\/de\/lage\/\",\"name\":\"Lage des Landhotels Ohana im Norden Teneriffas\",\"isPartOf\":{\"@id\":\"https:\/\/www.hotelruralohana.es\/de\/#website\"},\"datePublished\":\"2022-10-06T17:57:10+00:00\",\"dateModified\":\"2023-02-09T12:32:30+00:00\",\"description\":\"Finden Sie heraus, wie Sie zum Landhotel Ohana in La Esperanza im Norden Teneriffas gelangen und \u00fcbernachten Sie in einem charmanten und einzigartigen Hotel.\",\"breadcrumb\":{\"@id\":\"https:\/\/www.hotelruralohana.es\/de\/lage\/#breadcrumb\"},\"inLanguage\":\"de\",\"potentialAction\":[{\"@type\":\"ReadAction\",\"target\":[\"https:\/\/www.hotelruralohana.es\/de\/lage\/\"]}]},{\"@type\":\"BreadcrumbList\",\"@id\":\"https:\/\/www.hotelruralohana.es\/de\/lage\/#breadcrumb\",\"itemListElement\":[{\"@type\":\"ListItem\",\"position\":1,\"name\":\"Portada\",\"item\":\"https:\/\/www.hotelruralohana.es\/de\/\"},{\"@type\":\"ListItem\",\"position\":2,\"name\":\"Lage\"}]},{\"@type\":\"WebSite\",\"@id\":\"https:\/\/www.hotelruralohana.es\/de\/#website\",\"url\":\"https:\/\/www.hotelruralohana.es\/de\/\",\"name\":\"Hotel Rural Ohana\",\"description\":\"Hotel Rural en La Esperanza, Tenerife\",\"publisher\":{\"@id\":\"https:\/\/www.hotelruralohana.es\/de\/#organization\"},\"potentialAction\":[{\"@type\":\"SearchAction\",\"target\":{\"@type\":\"EntryPoint\",\"urlTemplate\":\"https:\/\/www.hotelruralohana.es\/de\/?s={search_term_string}\"},\"query-input\":\"required name=search_term_string\"}],\"inLanguage\":\"de\"},{\"@type\":\"Organization\",\"@id\":\"https:\/\/www.hotelruralohana.es\/de\/#organization\",\"name\":\"Hotel Rural Ohana\",\"url\":\"https:\/\/www.hotelruralohana.es\/de\/\",\"sameAs\":[],\"logo\":{\"@type\":\"ImageObject\",\"inLanguage\":\"de\",\"@id\":\"https:\/\/www.hotelruralohana.es\/de\/#\/schema\/logo\/image\/\",\"url\":\"https:\/\/www.hotelruralohana.es\/wp-content\/uploads\/2022\/10\/hotel-rural-ohana-logo.jpg\",\"contentUrl\":\"https:\/\/www.hotelruralohana.es\/wp-content\/uploads\/2022\/10\/hotel-rural-ohana-logo.jpg\",\"width\":394,\"height\":148,\"caption\":\"Hotel Rural Ohana\"},\"image\":{\"@id\":\"https:\/\/www.hotelruralohana.es\/de\/#\/schema\/logo\/image\/\"}}]}<\/script>\n<!-- \/ Yoast SEO plugin. -->","yoast_head_json":{"title":"Lage des Landhotels Ohana im Norden Teneriffas","description":"Finden Sie heraus, wie Sie zum Landhotel Ohana in La Esperanza im Norden Teneriffas gelangen und \u00fcbernachten Sie in einem charmanten und einzigartigen Hotel.","robots":{"index":"index","follow":"follow","max-snippet":"max-snippet:-1","max-image-preview":"max-image-preview:large","max-video-preview":"max-video-preview:-1"},"canonical":"https:\/\/www.hotelruralohana.es\/de\/lage\/","og_locale":"de_DE","og_type":"article","og_title":"Lage des Landhotels Ohana im Norden Teneriffas","og_description":"Finden Sie heraus, wie Sie zum Landhotel Ohana in La Esperanza im Norden Teneriffas gelangen und \u00fcbernachten Sie in einem charmanten und einzigartigen Hotel.","og_url":"https:\/\/www.hotelruralohana.es\/de\/lage\/","og_site_name":"Hotel Rural Ohana","article_modified_time":"2023-02-09T12:32:30+00:00","twitter_card":"summary_large_image","twitter_misc":{"Gesch\u00e4tzte Lesezeit":"1\u00a0Minute"},"schema":{"@context":"https:\/\/schema.org","@graph":[{"@type":"WebPage","@id":"https:\/\/www.hotelruralohana.es\/de\/lage\/","url":"https:\/\/www.hotelruralohana.es\/de\/lage\/","name":"Lage des Landhotels Ohana im Norden Teneriffas","isPartOf":{"@id":"https:\/\/www.hotelruralohana.es\/de\/#website"},"datePublished":"2022-10-06T17:57:10+00:00","dateModified":"2023-02-09T12:32:30+00:00","description":"Finden Sie heraus, wie Sie zum Landhotel Ohana in La Esperanza im Norden Teneriffas gelangen und \u00fcbernachten Sie in einem charmanten und einzigartigen Hotel.","breadcrumb":{"@id":"https:\/\/www.hotelruralohana.es\/de\/lage\/#breadcrumb"},"inLanguage":"de","potentialAction":[{"@type":"ReadAction","target":["https:\/\/www.hotelruralohana.es\/de\/lage\/"]}]},{"@type":"BreadcrumbList","@id":"https:\/\/www.hotelruralohana.es\/de\/lage\/#breadcrumb","itemListElement":[{"@type":"ListItem","position":1,"name":"Portada","item":"https:\/\/www.hotelruralohana.es\/de\/"},{"@type":"ListItem","position":2,"name":"Lage"}]},{"@type":"WebSite","@id":"https:\/\/www.hotelruralohana.es\/de\/#website","url":"https:\/\/www.hotelruralohana.es\/de\/","name":"Hotel Rural Ohana","description":"Hotel Rural en La Esperanza, Tenerife","publisher":{"@id":"https:\/\/www.hotelruralohana.es\/de\/#organization"},"potentialAction":[{"@type":"SearchAction","target":{"@type":"EntryPoint","urlTemplate":"https:\/\/www.hotelruralohana.es\/de\/?s={search_term_string}"},"query-input":"required name=search_term_string"}],"inLanguage":"de"},{"@type":"Organization","@id":"https:\/\/www.hotelruralohana.es\/de\/#organization","name":"Hotel Rural Ohana","url":"https:\/\/www.hotelruralohana.es\/de\/","sameAs":[],"logo":{"@type":"ImageObject","inLanguage":"de","@id":"https:\/\/www.hotelruralohana.es\/de\/#\/schema\/logo\/image\/","url":"https:\/\/www.hotelruralohana.es\/wp-content\/uploads\/2022\/10\/hotel-rural-ohana-logo.jpg","contentUrl":"https:\/\/www.hotelruralohana.es\/wp-content\/uploads\/2022\/10\/hotel-rural-ohana-logo.jpg","width":394,"height":148,"caption":"Hotel Rural Ohana"},"image":{"@id":"https:\/\/www.hotelruralohana.es\/de\/#\/schema\/logo\/image\/"}}]}},"_links":{"self":[{"href":"https:\/\/www.hotelruralohana.es\/de\/wp-json\/wp\/v2\/pages\/1420","targetHints":{"allow":["GET"]}}],"collection":[{"href":"https:\/\/www.hotelruralohana.es\/de\/wp-json\/wp\/v2\/pages"}],"about":[{"href":"https:\/\/www.hotelruralohana.es\/de\/wp-json\/wp\/v2\/types\/page"}],"author":[{"embeddable":true,"href":"https:\/\/www.hotelruralohana.es\/de\/wp-json\/wp\/v2\/users\/1"}],"replies":[{"embeddable":true,"href":"https:\/\/www.hotelruralohana.es\/de\/wp-json\/wp\/v2\/comments?post=1420"}],"version-history":[{"count":3,"href":"https:\/\/www.hotelruralohana.es\/de\/wp-json\/wp\/v2\/pages\/1420\/revisions"}],"predecessor-version":[{"id":1508,"href":"https:\/\/www.hotelruralohana.es\/de\/wp-json\/wp\/v2\/pages\/1420\/revisions\/1508"}],"wp:attachment":[{"href":"https:\/\/www.hotelruralohana.es\/de\/wp-json\/wp\/v2\/media?parent=1420"}],"curies":[{"name":"wp","href":"https:\/\/api.w.org\/{rel}","templated":true}]}}