{"id":1372,"date":"2022-10-06T17:55:59","date_gmt":"2022-10-06T17:55:59","guid":{"rendered":"https:\/\/www.hotelruralohana.es\/zimmer\/"},"modified":"2023-02-09T16:42:55","modified_gmt":"2023-02-09T16:42:55","slug":"zimmer","status":"publish","type":"page","link":"https:\/\/www.hotelruralohana.es\/de\/zimmer\/","title":{"rendered":"Zimmer"},"content":{"rendered":"\t\t<div data-elementor-type=\"wp-page\" data-elementor-id=\"1372\" class=\"elementor elementor-1372 elementor-16\">\n\t\t\t\t\t\t\t\t\t<section class=\"elementor-section elementor-top-section elementor-element elementor-element-b85c6fc elementor-section-height-min-height elementor-section-content-middle elementor-section-stretched elementor-section-full_width elementor-section-height-default elementor-section-items-middle\" data-id=\"b85c6fc\" data-element_type=\"section\" data-settings=\"{&quot;stretch_section&quot;:&quot;section-stretched&quot;,&quot;background_background&quot;:&quot;classic&quot;}\">\n\t\t\t\t\t\t<div class=\"elementor-container elementor-column-gap-default\">\n\t\t\t\t\t<div class=\"elementor-column elementor-col-100 elementor-top-column elementor-element elementor-element-d19f284\" data-id=\"d19f284\" data-element_type=\"column\">\n\t\t\t<div class=\"elementor-widget-wrap elementor-element-populated\">\n\t\t\t\t\t\t\t\t<div class=\"elementor-element elementor-element-04917f3 elementor-widget elementor-widget-heading\" data-id=\"04917f3\" data-element_type=\"widget\" data-widget_type=\"heading.default\">\n\t\t\t\t<div class=\"elementor-widget-container\">\n\t\t\t<style>\/*! elementor - v3.15.0 - 20-08-2023 *\/\n.elementor-heading-title{padding:0;margin:0;line-height:1}.elementor-widget-heading .elementor-heading-title[class*=elementor-size-]>a{color:inherit;font-size:inherit;line-height:inherit}.elementor-widget-heading .elementor-heading-title.elementor-size-small{font-size:15px}.elementor-widget-heading .elementor-heading-title.elementor-size-medium{font-size:19px}.elementor-widget-heading .elementor-heading-title.elementor-size-large{font-size:29px}.elementor-widget-heading .elementor-heading-title.elementor-size-xl{font-size:39px}.elementor-widget-heading .elementor-heading-title.elementor-size-xxl{font-size:59px}<\/style><h1 class=\"elementor-heading-title elementor-size-default\">ZIMMER<\/h1>\t\t<\/div>\n\t\t\t\t<\/div>\n\t\t\t\t<div class=\"elementor-element elementor-element-312289c elementor-widget elementor-widget-shortcode\" data-id=\"312289c\" data-element_type=\"widget\" data-widget_type=\"shortcode.default\">\n\t\t\t\t<div class=\"elementor-widget-container\">\n\t\t\t\t\t<div class=\"elementor-shortcode\"><form class=ohbe-search-form method=POST><div class=input-group><input name=ohbe_arrival class=ohbe-datepicker-arrival placeholder=\"Anreise\" required readonly data-group-id=69fb356bddc74><input name=ohbe_departure class=ohbe-datepicker-departure placeholder=\"Abreise\" required readonly data-group-id=69fb356bddc74><input type=hidden name=ohbe_datepicker_arrival><input type=hidden name=ohbe_datepicker_departure><input type=hidden name=ohbe_acco value=\"1\"><button type=submit name=ohbe_search_submit class=\"btn-ohbe ohbe-search-submit\">Suchen<\/button><\/div><\/form>\n\n<\/div>\n\t\t\t\t<\/div>\n\t\t\t\t<\/div>\n\t\t\t\t\t<\/div>\n\t\t<\/div>\n\t\t\t\t\t\t\t<\/div>\n\t\t<\/section>\n\t\t\t\t<section class=\"elementor-section elementor-top-section elementor-element elementor-element-7c0953c elementor-section-boxed elementor-section-height-default elementor-section-height-default\" data-id=\"7c0953c\" data-element_type=\"section\">\n\t\t\t\t\t\t<div class=\"elementor-container elementor-column-gap-default\">\n\t\t\t\t\t<div class=\"elementor-column elementor-col-100 elementor-top-column elementor-element elementor-element-3017721\" data-id=\"3017721\" data-element_type=\"column\">\n\t\t\t<div class=\"elementor-widget-wrap elementor-element-populated\">\n\t\t\t\t\t\t\t\t<section class=\"elementor-section elementor-inner-section elementor-element elementor-element-fb08766 elementor-section-boxed elementor-section-height-default elementor-section-height-default\" data-id=\"fb08766\" data-element_type=\"section\">\n\t\t\t\t\t\t<div class=\"elementor-container elementor-column-gap-default\">\n\t\t\t\t\t<div class=\"elementor-column elementor-col-33 elementor-inner-column elementor-element elementor-element-bbc6bdc\" data-id=\"bbc6bdc\" data-element_type=\"column\">\n\t\t\t<div class=\"elementor-widget-wrap elementor-element-populated\">\n\t\t\t\t\t\t\t\t<div class=\"elementor-element elementor-element-0ea3311 elementor-widget elementor-widget-heading\" data-id=\"0ea3311\" data-element_type=\"widget\" data-widget_type=\"heading.default\">\n\t\t\t\t<div class=\"elementor-widget-container\">\n\t\t\t<h2 class=\"elementor-heading-title elementor-size-default\">Duplex-Suite<\/h2>\t\t<\/div>\n\t\t\t\t<\/div>\n\t\t\t\t<div class=\"elementor-element elementor-element-b738336 elementor-widget elementor-widget-text-editor\" data-id=\"b738336\" data-element_type=\"widget\" data-widget_type=\"text-editor.default\">\n\t\t\t\t<div class=\"elementor-widget-container\">\n\t\t\t<style>\/*! elementor - v3.15.0 - 20-08-2023 *\/\n.elementor-widget-text-editor.elementor-drop-cap-view-stacked .elementor-drop-cap{background-color:#69727d;color:#fff}.elementor-widget-text-editor.elementor-drop-cap-view-framed .elementor-drop-cap{color:#69727d;border:3px solid;background-color:transparent}.elementor-widget-text-editor:not(.elementor-drop-cap-view-default) .elementor-drop-cap{margin-top:8px}.elementor-widget-text-editor:not(.elementor-drop-cap-view-default) .elementor-drop-cap-letter{width:1em;height:1em}.elementor-widget-text-editor .elementor-drop-cap{float:left;text-align:center;line-height:1;font-size:50px}.elementor-widget-text-editor .elementor-drop-cap-letter{display:inline-block}<\/style>\t\t\t\t<p>Suite im nordischen Stil, warm und gem\u00fctlich. Die Suite ist auf zwei Etagen verteilt. Sie verf\u00fcgt \u00fcber ein bequemes Doppelbett und ein Schlafsofa auf der unteren Etage.<\/p>\n\t\t\t\t\t\t<\/div>\n\t\t\t\t<\/div>\n\t\t\t\t<div class=\"elementor-element elementor-element-20a70ee elementor-align-center elementor-widget elementor-widget-button\" data-id=\"20a70ee\" data-element_type=\"widget\" data-widget_type=\"button.default\">\n\t\t\t\t<div class=\"elementor-widget-container\">\n\t\t\t\t\t<div class=\"elementor-button-wrapper\">\n\t\t\t<a class=\"elementor-button elementor-button-link elementor-size-sm\" href=\"https:\/\/www.hotelruralohana.es\/de\/zimmer\/duplex-suite\/\">\n\t\t\t\t\t\t<span class=\"elementor-button-content-wrapper\">\n\t\t\t\t\t\t<span class=\"elementor-button-text\">Austattung der Suite ansehen<\/span>\n\t\t<\/span>\n\t\t\t\t\t<\/a>\n\t\t<\/div>\n\t\t\t\t<\/div>\n\t\t\t\t<\/div>\n\t\t\t\t\t<\/div>\n\t\t<\/div>\n\t\t\t\t<div class=\"elementor-column elementor-col-33 elementor-inner-column elementor-element elementor-element-381fa61\" data-id=\"381fa61\" data-element_type=\"column\">\n\t\t\t<div class=\"elementor-widget-wrap elementor-element-populated\">\n\t\t\t\t\t\t\t\t<div class=\"elementor-element elementor-element-739d7ad elementor-widget elementor-widget-heading\" data-id=\"739d7ad\" data-element_type=\"widget\" data-widget_type=\"heading.default\">\n\t\t\t\t<div class=\"elementor-widget-container\">\n\t\t\t<h2 class=\"elementor-heading-title elementor-size-default\">Cuadras Suite<\/h2>\t\t<\/div>\n\t\t\t\t<\/div>\n\t\t\t\t<div class=\"elementor-element elementor-element-49bb2f6 elementor-widget elementor-widget-text-editor\" data-id=\"49bb2f6\" data-element_type=\"widget\" data-widget_type=\"text-editor.default\">\n\t\t\t\t<div class=\"elementor-widget-container\">\n\t\t\t\t\t\t\t<p>Suite im romantischen Stil. Die Suit besteht aus einem ger\u00e4umig offenen Raum, ausgestattet mit einem bequemen Doppelbett, einem Einzelschlafsofa und einer kleinen privaten Terrasse.<\/p>\n\t\t\t\t\t\t<\/div>\n\t\t\t\t<\/div>\n\t\t\t\t<div class=\"elementor-element elementor-element-1ef8669 elementor-align-center elementor-widget elementor-widget-button\" data-id=\"1ef8669\" data-element_type=\"widget\" data-widget_type=\"button.default\">\n\t\t\t\t<div class=\"elementor-widget-container\">\n\t\t\t\t\t<div class=\"elementor-button-wrapper\">\n\t\t\t<a class=\"elementor-button elementor-button-link elementor-size-sm\" href=\"https:\/\/www.hotelruralohana.es\/de\/zimmer\/cuadras-suite\/\">\n\t\t\t\t\t\t<span class=\"elementor-button-content-wrapper\">\n\t\t\t\t\t\t<span class=\"elementor-button-text\">Austattung der Suite ansehen<\/span>\n\t\t<\/span>\n\t\t\t\t\t<\/a>\n\t\t<\/div>\n\t\t\t\t<\/div>\n\t\t\t\t<\/div>\n\t\t\t\t\t<\/div>\n\t\t<\/div>\n\t\t\t\t<div class=\"elementor-column elementor-col-33 elementor-inner-column elementor-element elementor-element-86b4793\" data-id=\"86b4793\" data-element_type=\"column\">\n\t\t\t<div class=\"elementor-widget-wrap elementor-element-populated\">\n\t\t\t\t\t\t\t\t<div class=\"elementor-element elementor-element-a13d218 elementor-widget elementor-widget-heading\" data-id=\"a13d218\" data-element_type=\"widget\" data-widget_type=\"heading.default\">\n\t\t\t\t<div class=\"elementor-widget-container\">\n\t\t\t<h2 class=\"elementor-heading-title elementor-size-default\">Familiensuite<\/h2>\t\t<\/div>\n\t\t\t\t<\/div>\n\t\t\t\t<div class=\"elementor-element elementor-element-247fc69 elementor-widget elementor-widget-text-editor\" data-id=\"247fc69\" data-element_type=\"widget\" data-widget_type=\"text-editor.default\">\n\t\t\t\t<div class=\"elementor-widget-container\">\n\t\t\t\t\t\t\t<p>Suite im dekorativen Art-Deco-Stil. Die Suite verf\u00fcgt \u00fcber hohe Decken und unz\u00e4hlige Details.<\/p>\n\t\t\t\t\t\t<\/div>\n\t\t\t\t<\/div>\n\t\t\t\t<div class=\"elementor-element elementor-element-a7a67c0 elementor-align-center elementor-widget elementor-widget-button\" data-id=\"a7a67c0\" data-element_type=\"widget\" data-widget_type=\"button.default\">\n\t\t\t\t<div class=\"elementor-widget-container\">\n\t\t\t\t\t<div class=\"elementor-button-wrapper\">\n\t\t\t<a class=\"elementor-button elementor-button-link elementor-size-sm\" href=\"https:\/\/www.hotelruralohana.es\/de\/zimmer\/familiensuite\/\">\n\t\t\t\t\t\t<span class=\"elementor-button-content-wrapper\">\n\t\t\t\t\t\t<span class=\"elementor-button-text\">Austattung der Suite ansehen<\/span>\n\t\t<\/span>\n\t\t\t\t\t<\/a>\n\t\t<\/div>\n\t\t\t\t<\/div>\n\t\t\t\t<\/div>\n\t\t\t\t\t<\/div>\n\t\t<\/div>\n\t\t\t\t\t\t\t<\/div>\n\t\t<\/section>\n\t\t\t\t\t<\/div>\n\t\t<\/div>\n\t\t\t\t\t\t\t<\/div>\n\t\t<\/section>\n\t\t\t\t\t\t\t<\/div>\n\t\t","protected":false},"excerpt":{"rendered":"<p>ZIMMER Duplex-Suite Suite im nordischen Stil, warm und gem\u00fctlich. Die Suite ist auf zwei Etagen verteilt. Sie verf\u00fcgt \u00fcber ein bequemes Doppelbett und ein Schlafsofa auf der unteren Etage. Austattung der Suite ansehen Cuadras Suite Suite im romantischen Stil. Die Suit besteht aus einem ger\u00e4umig offenen Raum, ausgestattet mit einem bequemen Doppelbett, einem Einzelschlafsofa und [&hellip;]<\/p>\n","protected":false},"author":1,"featured_media":0,"parent":0,"menu_order":0,"comment_status":"closed","ping_status":"closed","template":"elementor_header_footer","meta":{"_monsterinsights_skip_tracking":false,"_monsterinsights_sitenote_active":false,"_monsterinsights_sitenote_note":"","_monsterinsights_sitenote_category":0,"_genesis_hide_title":false,"_genesis_hide_breadcrumbs":false,"_genesis_hide_singular_image":false,"_genesis_hide_footer_widgets":false,"_genesis_custom_body_class":"","_genesis_custom_post_class":"","_genesis_layout":"","footnotes":""},"class_list":{"0":"post-1372","1":"page","2":"type-page","3":"status-publish","5":"entry"},"yoast_head":"<!-- This site is optimized with the Yoast SEO plugin v19.7.2 - https:\/\/yoast.com\/wordpress\/plugins\/seo\/ -->\n<title>Zimmer im Landhotel Ohana<\/title>\n<meta name=\"description\" content=\"Im Landhotel Ohana, im Norden Teneriffas, bieten wir Ihnen 3 Arten von Zimmer an.\" \/>\n<meta name=\"robots\" content=\"index, follow, max-snippet:-1, max-image-preview:large, max-video-preview:-1\" \/>\n<link rel=\"canonical\" href=\"https:\/\/www.hotelruralohana.es\/de\/zimmer\/\" \/>\n<meta property=\"og:locale\" content=\"de_DE\" \/>\n<meta property=\"og:type\" content=\"article\" \/>\n<meta property=\"og:title\" content=\"Zimmer im Landhotel Ohana\" \/>\n<meta property=\"og:description\" content=\"Im Landhotel Ohana, im Norden Teneriffas, bieten wir Ihnen 3 Arten von Zimmer an.\" \/>\n<meta property=\"og:url\" content=\"https:\/\/www.hotelruralohana.es\/de\/zimmer\/\" \/>\n<meta property=\"og:site_name\" content=\"Hotel Rural Ohana\" \/>\n<meta property=\"article:modified_time\" content=\"2023-02-09T16:42:55+00:00\" \/>\n<meta name=\"twitter:card\" content=\"summary_large_image\" \/>\n<script type=\"application\/ld+json\" class=\"yoast-schema-graph\">{\"@context\":\"https:\/\/schema.org\",\"@graph\":[{\"@type\":\"WebPage\",\"@id\":\"https:\/\/www.hotelruralohana.es\/de\/zimmer\/\",\"url\":\"https:\/\/www.hotelruralohana.es\/de\/zimmer\/\",\"name\":\"Zimmer im Landhotel Ohana\",\"isPartOf\":{\"@id\":\"https:\/\/www.hotelruralohana.es\/de\/#website\"},\"datePublished\":\"2022-10-06T17:55:59+00:00\",\"dateModified\":\"2023-02-09T16:42:55+00:00\",\"description\":\"Im Landhotel Ohana, im Norden Teneriffas, bieten wir Ihnen 3 Arten von Zimmer an.\",\"breadcrumb\":{\"@id\":\"https:\/\/www.hotelruralohana.es\/de\/zimmer\/#breadcrumb\"},\"inLanguage\":\"de\",\"potentialAction\":[{\"@type\":\"ReadAction\",\"target\":[\"https:\/\/www.hotelruralohana.es\/de\/zimmer\/\"]}]},{\"@type\":\"BreadcrumbList\",\"@id\":\"https:\/\/www.hotelruralohana.es\/de\/zimmer\/#breadcrumb\",\"itemListElement\":[{\"@type\":\"ListItem\",\"position\":1,\"name\":\"Portada\",\"item\":\"https:\/\/www.hotelruralohana.es\/de\/\"},{\"@type\":\"ListItem\",\"position\":2,\"name\":\"Zimmer\"}]},{\"@type\":\"WebSite\",\"@id\":\"https:\/\/www.hotelruralohana.es\/de\/#website\",\"url\":\"https:\/\/www.hotelruralohana.es\/de\/\",\"name\":\"Hotel Rural Ohana\",\"description\":\"Hotel Rural en La Esperanza, Tenerife\",\"publisher\":{\"@id\":\"https:\/\/www.hotelruralohana.es\/de\/#organization\"},\"potentialAction\":[{\"@type\":\"SearchAction\",\"target\":{\"@type\":\"EntryPoint\",\"urlTemplate\":\"https:\/\/www.hotelruralohana.es\/de\/?s={search_term_string}\"},\"query-input\":\"required name=search_term_string\"}],\"inLanguage\":\"de\"},{\"@type\":\"Organization\",\"@id\":\"https:\/\/www.hotelruralohana.es\/de\/#organization\",\"name\":\"Hotel Rural Ohana\",\"url\":\"https:\/\/www.hotelruralohana.es\/de\/\",\"sameAs\":[],\"logo\":{\"@type\":\"ImageObject\",\"inLanguage\":\"de\",\"@id\":\"https:\/\/www.hotelruralohana.es\/de\/#\/schema\/logo\/image\/\",\"url\":\"https:\/\/www.hotelruralohana.es\/wp-content\/uploads\/2022\/10\/hotel-rural-ohana-logo.jpg\",\"contentUrl\":\"https:\/\/www.hotelruralohana.es\/wp-content\/uploads\/2022\/10\/hotel-rural-ohana-logo.jpg\",\"width\":394,\"height\":148,\"caption\":\"Hotel Rural Ohana\"},\"image\":{\"@id\":\"https:\/\/www.hotelruralohana.es\/de\/#\/schema\/logo\/image\/\"}}]}<\/script>\n<!-- \/ Yoast SEO plugin. -->","yoast_head_json":{"title":"Zimmer im Landhotel Ohana","description":"Im Landhotel Ohana, im Norden Teneriffas, bieten wir Ihnen 3 Arten von Zimmer an.","robots":{"index":"index","follow":"follow","max-snippet":"max-snippet:-1","max-image-preview":"max-image-preview:large","max-video-preview":"max-video-preview:-1"},"canonical":"https:\/\/www.hotelruralohana.es\/de\/zimmer\/","og_locale":"de_DE","og_type":"article","og_title":"Zimmer im Landhotel Ohana","og_description":"Im Landhotel Ohana, im Norden Teneriffas, bieten wir Ihnen 3 Arten von Zimmer an.","og_url":"https:\/\/www.hotelruralohana.es\/de\/zimmer\/","og_site_name":"Hotel Rural Ohana","article_modified_time":"2023-02-09T16:42:55+00:00","twitter_card":"summary_large_image","schema":{"@context":"https:\/\/schema.org","@graph":[{"@type":"WebPage","@id":"https:\/\/www.hotelruralohana.es\/de\/zimmer\/","url":"https:\/\/www.hotelruralohana.es\/de\/zimmer\/","name":"Zimmer im Landhotel Ohana","isPartOf":{"@id":"https:\/\/www.hotelruralohana.es\/de\/#website"},"datePublished":"2022-10-06T17:55:59+00:00","dateModified":"2023-02-09T16:42:55+00:00","description":"Im Landhotel Ohana, im Norden Teneriffas, bieten wir Ihnen 3 Arten von Zimmer an.","breadcrumb":{"@id":"https:\/\/www.hotelruralohana.es\/de\/zimmer\/#breadcrumb"},"inLanguage":"de","potentialAction":[{"@type":"ReadAction","target":["https:\/\/www.hotelruralohana.es\/de\/zimmer\/"]}]},{"@type":"BreadcrumbList","@id":"https:\/\/www.hotelruralohana.es\/de\/zimmer\/#breadcrumb","itemListElement":[{"@type":"ListItem","position":1,"name":"Portada","item":"https:\/\/www.hotelruralohana.es\/de\/"},{"@type":"ListItem","position":2,"name":"Zimmer"}]},{"@type":"WebSite","@id":"https:\/\/www.hotelruralohana.es\/de\/#website","url":"https:\/\/www.hotelruralohana.es\/de\/","name":"Hotel Rural Ohana","description":"Hotel Rural en La Esperanza, Tenerife","publisher":{"@id":"https:\/\/www.hotelruralohana.es\/de\/#organization"},"potentialAction":[{"@type":"SearchAction","target":{"@type":"EntryPoint","urlTemplate":"https:\/\/www.hotelruralohana.es\/de\/?s={search_term_string}"},"query-input":"required name=search_term_string"}],"inLanguage":"de"},{"@type":"Organization","@id":"https:\/\/www.hotelruralohana.es\/de\/#organization","name":"Hotel Rural Ohana","url":"https:\/\/www.hotelruralohana.es\/de\/","sameAs":[],"logo":{"@type":"ImageObject","inLanguage":"de","@id":"https:\/\/www.hotelruralohana.es\/de\/#\/schema\/logo\/image\/","url":"https:\/\/www.hotelruralohana.es\/wp-content\/uploads\/2022\/10\/hotel-rural-ohana-logo.jpg","contentUrl":"https:\/\/www.hotelruralohana.es\/wp-content\/uploads\/2022\/10\/hotel-rural-ohana-logo.jpg","width":394,"height":148,"caption":"Hotel Rural Ohana"},"image":{"@id":"https:\/\/www.hotelruralohana.es\/de\/#\/schema\/logo\/image\/"}}]}},"_links":{"self":[{"href":"https:\/\/www.hotelruralohana.es\/de\/wp-json\/wp\/v2\/pages\/1372","targetHints":{"allow":["GET"]}}],"collection":[{"href":"https:\/\/www.hotelruralohana.es\/de\/wp-json\/wp\/v2\/pages"}],"about":[{"href":"https:\/\/www.hotelruralohana.es\/de\/wp-json\/wp\/v2\/types\/page"}],"author":[{"embeddable":true,"href":"https:\/\/www.hotelruralohana.es\/de\/wp-json\/wp\/v2\/users\/1"}],"replies":[{"embeddable":true,"href":"https:\/\/www.hotelruralohana.es\/de\/wp-json\/wp\/v2\/comments?post=1372"}],"version-history":[{"count":8,"href":"https:\/\/www.hotelruralohana.es\/de\/wp-json\/wp\/v2\/pages\/1372\/revisions"}],"predecessor-version":[{"id":1542,"href":"https:\/\/www.hotelruralohana.es\/de\/wp-json\/wp\/v2\/pages\/1372\/revisions\/1542"}],"wp:attachment":[{"href":"https:\/\/www.hotelruralohana.es\/de\/wp-json\/wp\/v2\/media?parent=1372"}],"curies":[{"name":"wp","href":"https:\/\/api.w.org\/{rel}","templated":true}]}}